{"id":5248,"date":"2021-03-06T19:29:37","date_gmt":"2021-03-06T18:29:37","guid":{"rendered":"http:\/\/powstaniewielkopolskie.pl\/nowa\/?page_id=5248"},"modified":"2025-12-18T23:28:01","modified_gmt":"2025-12-18T22:28:01","slug":"pozostale-wydawnictwa","status":"publish","type":"page","link":"https:\/\/powstaniewielkopolskie.pl\/nowa\/?page_id=5248","title":{"rendered":"Pozosta\u0142e wydawnictwa"},"content":{"rendered":"\n<p class=\"has-text-align-center\"><strong>Nowa publikacja o udziale mieszka\u0144c\u00f3w wsi w Powstaniu Wielkopolskim<\/strong><\/p>\n\n\n\n<figure class=\"wp-block-gallery has-nested-images columns-default is-cropped wp-block-gallery-1 is-layout-flex wp-block-gallery-is-layout-flex\">\n<figure class=\"wp-block-image size-large\"><img loading=\"lazy\" decoding=\"async\" width=\"937\" height=\"1400\" data-id=\"10944\" src=\"https:\/\/powstaniewielkopolskie.pl\/nowa\/wp-content\/uploads\/2025\/12\/Okladka-937x1400.jpg\" alt=\"\" class=\"wp-image-10944\" srcset=\"https:\/\/powstaniewielkopolskie.pl\/nowa\/wp-content\/uploads\/2025\/12\/Okladka-937x1400.jpg 937w, https:\/\/powstaniewielkopolskie.pl\/nowa\/wp-content\/uploads\/2025\/12\/Okladka-201x300.jpg 201w, https:\/\/powstaniewielkopolskie.pl\/nowa\/wp-content\/uploads\/2025\/12\/Okladka-768x1148.jpg 768w, https:\/\/powstaniewielkopolskie.pl\/nowa\/wp-content\/uploads\/2025\/12\/Okladka-1028x1536.jpg 1028w, https:\/\/powstaniewielkopolskie.pl\/nowa\/wp-content\/uploads\/2025\/12\/Okladka-1370x2048.jpg 1370w, https:\/\/powstaniewielkopolskie.pl\/nowa\/wp-content\/uploads\/2025\/12\/Okladka-scaled.jpg 1713w\" sizes=\"(max-width: 937px) 100vw, 937px\" \/><\/figure>\n\n\n\n<figure class=\"wp-block-image size-large\"><img loading=\"lazy\" decoding=\"async\" width=\"834\" height=\"1400\" data-id=\"10945\" src=\"https:\/\/powstaniewielkopolskie.pl\/nowa\/wp-content\/uploads\/2025\/12\/Druga-strona-834x1400.jpg\" alt=\"\" class=\"wp-image-10945\" srcset=\"https:\/\/powstaniewielkopolskie.pl\/nowa\/wp-content\/uploads\/2025\/12\/Druga-strona-834x1400.jpg 834w, https:\/\/powstaniewielkopolskie.pl\/nowa\/wp-content\/uploads\/2025\/12\/Druga-strona-179x300.jpg 179w, https:\/\/powstaniewielkopolskie.pl\/nowa\/wp-content\/uploads\/2025\/12\/Druga-strona-768x1289.jpg 768w, https:\/\/powstaniewielkopolskie.pl\/nowa\/wp-content\/uploads\/2025\/12\/Druga-strona-1221x2048.jpg 1221w, https:\/\/powstaniewielkopolskie.pl\/nowa\/wp-content\/uploads\/2025\/12\/Druga-strona.jpg 1294w\" sizes=\"(max-width: 834px) 100vw, 834px\" \/><\/figure>\n<\/figure>\n\n\n\n<p><\/p>\n\n\n\n<p>Niniejsza publikacja stanowi zwie\u0144czenie konferencji popularnonaukowej pt.: \u201eUdzia\u0142 mieszka\u0144c\u00f3w wsi w Powstaniu Wielkopolskim\u201d, kt\u00f3ra odby\u0142a si\u0119 9 pa\u017adziernika 2024 roku, w Suchym Lesie. <br>Celem ksi\u0105\u017cki jest przedstawienie wynik\u00f3w bada\u0144 nad udzia\u0142em mieszka\u0144c\u00f3w wsi w Powstaniu Wielkopolskim, popularyzacja zawartej w tytule konferencji problematyki oraz wp\u0142ywu powsta\u0144c\u00f3w wielkopolskich z teren\u00f3w wiejskich na rozw\u00f3j spo\u0142eczno\u015bci lokalnych. <br>Wydanie w formie zwartego opracowania materia\u0142\u00f3w pokonferencyjnych jest r\u00f3wnie\u017c istotne z innych powod\u00f3w. B\u0119d\u0105 mogli si\u0119 do niego odwo\u0142ywa\u0107 kolejni badacze w swoich pracach nad udzia\u0142em mieszka\u0144c\u00f3w wsi na pozosta\u0142ych terenach obj\u0119tych powstaniem, o kt\u00f3rych nie m\u00f3wiono na konferencji. Ksi\u0105\u017cka mo\u017ce stanowi\u0107 przyk\u0142ad i punkt wyj\u015bcia do bada\u0144 nad kolejnymi grupami spo\u0142ecznymi zaanga\u017cowanymi w Powstanie Wielkopolskie. Mam na my\u015bli: ziemia\u0144stwo, inteligencj\u0119, kupc\u00f3w, rzemie\u015blnik\u00f3w i robotnik\u00f3w. Wierz\u0119, \u017ce mo\u017ce by\u0107 interesuj\u0105ca nie tylko dla historyk\u00f3w Powstania Wielkopolskiego, ale r\u00f3wnie\u017c dla regionalist\u00f3w, zwolennik\u00f3w mikrohistorii, socjolog\u00f3w, antropolog\u00f3w, badaczy historii wsi i ruchu ludowego.<\/p>\n\n\n\n<p class=\"has-text-align-right\">Ryszard Chruszczewski<\/p>\n\n\n\n<p><\/p>\n\n\n\n<p class=\"has-text-align-center\"><strong>Nowa publikacja o Powstaniu Wielkopolskim i powrocie ziem nadnoteckich do Polski<\/strong><\/p>\n\n\n<div class=\"wp-block-image\">\n<figure class=\"aligncenter size-full\"><img loading=\"lazy\" decoding=\"async\" width=\"589\" height=\"403\" src=\"http:\/\/powstaniewielkopolskie.pl\/nowa\/wp-content\/uploads\/2025\/02\/471995073_1355376925842818_5481820117664586744_n.jpg\" alt=\"\" class=\"wp-image-10198\" srcset=\"https:\/\/powstaniewielkopolskie.pl\/nowa\/wp-content\/uploads\/2025\/02\/471995073_1355376925842818_5481820117664586744_n.jpg 589w, https:\/\/powstaniewielkopolskie.pl\/nowa\/wp-content\/uploads\/2025\/02\/471995073_1355376925842818_5481820117664586744_n-300x205.jpg 300w\" sizes=\"(max-width: 589px) 100vw, 589px\" \/><\/figure><\/div>\n\n\n<p><\/p>\n\n\n\n<p>Na kanwie 105. rocznicy powrotu ziem nadnoteckich do Polski nak\u0142adem Wydawnictwa Naukowego Uniwersytetu Pomorskiego w S\u0142upsku ukaza\u0142a si\u0119 publikacja <em>\u201ePogranicze niepodleg\u0142o\u015bci\u201d. Dzia\u0142alno\u015b\u0107 polityczna i wojskowa w powiatach nadnoteckich w latach 1918\u20131920<\/em>, autorstwa dr. hab. Arkadiusza S\u0142abiga. Ksi\u0105\u017cka sk\u0142ada si\u0119 z opracowania monograficznego wzbogaconego o 251 materia\u0142\u00f3w \u017ar\u00f3d\u0142owych dotycz\u0105cych historii politycznej i militarnej powiat\u00f3w wiele\u0144skiego, czarnkowskiego, pilskiego, chodzieskiego, wyrzyskiego i w\u0105growieckiego w latach 1918-1920. Do publikacji do\u0142\u0105czono cztery mapy ilustruj\u0105ce polsko-niemieckie zmagania militarne w pasie nadnoteckim. Autor jest wyk\u0142adowc\u0105 akademickim w Instytucie Historii Uniwersytetu Pomorskiego w S\u0142upsku, nauczycielem w plac\u00f3wkach o\u015bwiatowych w powiecie czarnkowsko-trzcianeckim, dzia\u0142aczem Towarzystwa Pami\u0119ci Powstania Wielkopolskiego 1918\/1919, a prywatnie mieszka\u0144cem Roska k. Wielenia.<\/p>\n\n\n\n<p class=\"has-text-align-right\"><\/p>\n<div data-animation=\"pulse\" data-icons-animation=\"no-animation\" data-overlay=\"on\" data-change-size=\"\" data-button-size=\"0.7\" style=\"font-size:0.7em;display:none;\" class=\"supsystic-social-sharing supsystic-social-sharing-package-flat supsystic-social-sharing-hide-on-homepage supsystic-social-sharing-content supsystic-social-sharing-content-align-center\" data-text=\"\"><a class=\"social-sharing-button sharer-flat sharer-flat-2 counter-standard digg\" target=\"_blank\" title=\"Digg\" href=\"http:\/\/digg.com\/submit?url=https%3A%2F%2Fpowstaniewielkopolskie.pl%2Fnowa%2F%3Fpage_id%3D5248&title=Pozosta%C5%82e+wydawnictwa\" data-nid=\"8\" data-name=\"\" data-pid=\"1\" data-post-id=\"5248\" data-url=\"https:\/\/powstaniewielkopolskie.pl\/nowa\/wp-admin\/admin-ajax.php\" data-url=\"https:\/\/powstaniewielkopolskie.pl\/nowa\/wp-admin\/admin-ajax.php\" data-description=\"Pozosta\u0142e wydawnictwa\" rel=\"nofollow\"><i class=\"fa fa-fw fa-digg\"><\/i><div class=\"counter-wrap standard\"><span class=\"counter\">2<\/span><\/div><\/a><a class=\"social-sharing-button sharer-flat sharer-flat-2 counter-standard mail\" target=\"_blank\" title=\"Mail\" href=\"#\" data-nid=\"16\" data-name=\"\" data-pid=\"1\" data-post-id=\"5248\" data-url=\"https:\/\/powstaniewielkopolskie.pl\/nowa\/wp-admin\/admin-ajax.php\" data-url=\"https:\/\/powstaniewielkopolskie.pl\/nowa\/wp-admin\/admin-ajax.php\" data-description=\"Pozosta\u0142e wydawnictwa\" rel=\"nofollow\"><i class=\"fa fa-fw fa-envelope-o\"><\/i><div class=\"counter-wrap standard\"><span class=\"counter\">1<\/span><\/div><\/a><a class=\"social-sharing-button sharer-flat sharer-flat-2 counter-standard facebook\" target=\"_blank\" title=\"Facebook\" href=\"http:\/\/www.facebook.com\/sharer.php?u=https%3A%2F%2Fpowstaniewielkopolskie.pl%2Fnowa%2F%3Fpage_id%3D5248\" data-nid=\"1\" data-name=\"\" data-pid=\"1\" data-post-id=\"5248\" data-url=\"https:\/\/powstaniewielkopolskie.pl\/nowa\/wp-admin\/admin-ajax.php\" data-url=\"https:\/\/powstaniewielkopolskie.pl\/nowa\/wp-admin\/admin-ajax.php\" data-description=\"Pozosta\u0142e wydawnictwa\" rel=\"nofollow\"><i class=\"fa fa-fw fa-facebook\"><\/i><div class=\"counter-wrap standard\"><span class=\"counter\">5<\/span><\/div><\/a><a class=\"social-sharing-button sharer-flat sharer-flat-2 counter-standard whatsapp\" target=\"_blank\" title=\"WhatsApp\" href=\"whatsapp:\/\/send?text=https%3A%2F%2Fpowstaniewielkopolskie.pl%2Fnowa%2F%3Fpage_id%3D5248\" data-nid=\"18\" data-name=\"\" data-pid=\"1\" data-post-id=\"5248\" data-url=\"https:\/\/powstaniewielkopolskie.pl\/nowa\/wp-admin\/admin-ajax.php\" data-url=\"https:\/\/powstaniewielkopolskie.pl\/nowa\/wp-admin\/admin-ajax.php\" data-description=\"Pozosta\u0142e wydawnictwa\" rel=\"nofollow\"><i class=\"fa fa-fw fa-whatsapp\"><\/i><div class=\"counter-wrap standard\"><span class=\"counter\">0<\/span><\/div><\/a><a class=\"social-sharing-button sharer-flat sharer-flat-2 counter-standard twitter\" target=\"_blank\" title=\"Twitter\" href=\"https:\/\/twitter.com\/share?url=https%3A%2F%2Fpowstaniewielkopolskie.pl%2Fnowa%2F%3Fpage_id%3D5248&text=Pozosta%C5%82e+wydawnictwa\" data-nid=\"2\" data-name=\"\" data-pid=\"1\" data-post-id=\"5248\" data-url=\"https:\/\/powstaniewielkopolskie.pl\/nowa\/wp-admin\/admin-ajax.php\" data-url=\"https:\/\/powstaniewielkopolskie.pl\/nowa\/wp-admin\/admin-ajax.php\" data-description=\"Pozosta\u0142e wydawnictwa\" rel=\"nofollow\"><i class=\"fa fa-fw fa-twitter\"><\/i><div class=\"counter-wrap standard\"><span class=\"counter\">1<\/span><\/div><\/a><a class=\"social-sharing-button sharer-flat sharer-flat-2 counter-standard googleplus\" target=\"_blank\" title=\"Google+\" href=\"https:\/\/plus.google.com\/share?url=https%3A%2F%2Fpowstaniewielkopolskie.pl%2Fnowa%2F%3Fpage_id%3D5248\" data-nid=\"3\" data-name=\"\" data-pid=\"1\" data-post-id=\"5248\" data-url=\"https:\/\/powstaniewielkopolskie.pl\/nowa\/wp-admin\/admin-ajax.php\" data-url=\"https:\/\/powstaniewielkopolskie.pl\/nowa\/wp-admin\/admin-ajax.php\" data-description=\"Pozosta\u0142e wydawnictwa\" rel=\"nofollow\"><i class=\"fa fa-fw fa-google-plus\"><\/i><div class=\"counter-wrap standard\"><span class=\"counter\">0<\/span><\/div><\/a><\/div>","protected":false},"excerpt":{"rendered":"<p>Nowa publikacja o udziale mieszka\u0144c\u00f3w wsi w Powstaniu Wielkopolskim Niniejsza publikacja stanowi zwie\u0144czenie konferencji popularnonaukowej pt.: \u201eUdzia\u0142 mieszka\u0144c\u00f3w wsi w Powstaniu Wielkopolskim\u201d, kt\u00f3ra odby\u0142a si\u0119 9 pa\u017adziernika 2024 roku, w Suchym Lesie.<a class=\"moretag\" href=\"https:\/\/powstaniewielkopolskie.pl\/nowa\/?page_id=5248\">Czytaj wi\u0119cej&#8230;<\/a><\/p>\n<div data-animation=\"pulse\" data-icons-animation=\"no-animation\" data-overlay=\"on\" data-change-size=\"\" data-button-size=\"0.7\" style=\"font-size:0.7em;display:none;\" class=\"supsystic-social-sharing supsystic-social-sharing-package-flat supsystic-social-sharing-hide-on-homepage supsystic-social-sharing-content supsystic-social-sharing-content-align-center\" data-text=\"\"><a class=\"social-sharing-button sharer-flat sharer-flat-2 counter-standard digg\" target=\"_blank\" title=\"Digg\" href=\"http:\/\/digg.com\/submit?url=https%3A%2F%2Fpowstaniewielkopolskie.pl%2Fnowa%2F%3Fpage_id%3D5248&title=Pozosta%C5%82e+wydawnictwa\" data-nid=\"8\" data-name=\"\" data-pid=\"1\" data-post-id=\"5248\" data-url=\"https:\/\/powstaniewielkopolskie.pl\/nowa\/wp-admin\/admin-ajax.php\" data-url=\"https:\/\/powstaniewielkopolskie.pl\/nowa\/wp-admin\/admin-ajax.php\" data-description=\"Pozosta\u0142e wydawnictwa\" rel=\"nofollow\"><i class=\"fa fa-fw fa-digg\"><\/i><div class=\"counter-wrap standard\"><span class=\"counter\">2<\/span><\/div><\/a><a class=\"social-sharing-button sharer-flat sharer-flat-2 counter-standard mail\" target=\"_blank\" title=\"Mail\" href=\"#\" data-nid=\"16\" data-name=\"\" data-pid=\"1\" data-post-id=\"5248\" data-url=\"https:\/\/powstaniewielkopolskie.pl\/nowa\/wp-admin\/admin-ajax.php\" data-url=\"https:\/\/powstaniewielkopolskie.pl\/nowa\/wp-admin\/admin-ajax.php\" data-description=\"Pozosta\u0142e wydawnictwa\" rel=\"nofollow\"><i class=\"fa fa-fw fa-envelope-o\"><\/i><div class=\"counter-wrap standard\"><span class=\"counter\">1<\/span><\/div><\/a><a class=\"social-sharing-button sharer-flat sharer-flat-2 counter-standard facebook\" target=\"_blank\" title=\"Facebook\" href=\"http:\/\/www.facebook.com\/sharer.php?u=https%3A%2F%2Fpowstaniewielkopolskie.pl%2Fnowa%2F%3Fpage_id%3D5248\" data-nid=\"1\" data-name=\"\" data-pid=\"1\" data-post-id=\"5248\" data-url=\"https:\/\/powstaniewielkopolskie.pl\/nowa\/wp-admin\/admin-ajax.php\" data-url=\"https:\/\/powstaniewielkopolskie.pl\/nowa\/wp-admin\/admin-ajax.php\" data-description=\"Pozosta\u0142e wydawnictwa\" rel=\"nofollow\"><i class=\"fa fa-fw fa-facebook\"><\/i><div class=\"counter-wrap standard\"><span class=\"counter\">5<\/span><\/div><\/a><a class=\"social-sharing-button sharer-flat sharer-flat-2 counter-standard whatsapp\" target=\"_blank\" title=\"WhatsApp\" href=\"whatsapp:\/\/send?text=https%3A%2F%2Fpowstaniewielkopolskie.pl%2Fnowa%2F%3Fpage_id%3D5248\" data-nid=\"18\" data-name=\"\" data-pid=\"1\" data-post-id=\"5248\" data-url=\"https:\/\/powstaniewielkopolskie.pl\/nowa\/wp-admin\/admin-ajax.php\" data-url=\"https:\/\/powstaniewielkopolskie.pl\/nowa\/wp-admin\/admin-ajax.php\" data-description=\"Pozosta\u0142e wydawnictwa\" rel=\"nofollow\"><i class=\"fa fa-fw fa-whatsapp\"><\/i><div class=\"counter-wrap standard\"><span class=\"counter\">0<\/span><\/div><\/a><a class=\"social-sharing-button sharer-flat sharer-flat-2 counter-standard twitter\" target=\"_blank\" title=\"Twitter\" href=\"https:\/\/twitter.com\/share?url=https%3A%2F%2Fpowstaniewielkopolskie.pl%2Fnowa%2F%3Fpage_id%3D5248&text=Pozosta%C5%82e+wydawnictwa\" data-nid=\"2\" data-name=\"\" data-pid=\"1\" data-post-id=\"5248\" data-url=\"https:\/\/powstaniewielkopolskie.pl\/nowa\/wp-admin\/admin-ajax.php\" data-url=\"https:\/\/powstaniewielkopolskie.pl\/nowa\/wp-admin\/admin-ajax.php\" data-description=\"Pozosta\u0142e wydawnictwa\" rel=\"nofollow\"><i class=\"fa fa-fw fa-twitter\"><\/i><div class=\"counter-wrap standard\"><span class=\"counter\">1<\/span><\/div><\/a><a class=\"social-sharing-button sharer-flat sharer-flat-2 counter-standard googleplus\" target=\"_blank\" title=\"Google+\" href=\"https:\/\/plus.google.com\/share?url=https%3A%2F%2Fpowstaniewielkopolskie.pl%2Fnowa%2F%3Fpage_id%3D5248\" data-nid=\"3\" data-name=\"\" data-pid=\"1\" data-post-id=\"5248\" data-url=\"https:\/\/powstaniewielkopolskie.pl\/nowa\/wp-admin\/admin-ajax.php\" data-url=\"https:\/\/powstaniewielkopolskie.pl\/nowa\/wp-admin\/admin-ajax.php\" data-description=\"Pozosta\u0142e wydawnictwa\" rel=\"nofollow\"><i class=\"fa fa-fw fa-google-plus\"><\/i><div class=\"counter-wrap standard\"><span class=\"counter\">0<\/span><\/div><\/a><\/div>","protected":false},"author":1,"featured_media":0,"parent":5242,"menu_order":0,"comment_status":"closed","ping_status":"closed","template":"","meta":{"footnotes":""},"_links":{"self":[{"href":"https:\/\/powstaniewielkopolskie.pl\/nowa\/index.php?rest_route=\/wp\/v2\/pages\/5248"}],"collection":[{"href":"https:\/\/powstaniewielkopolskie.pl\/nowa\/index.php?rest_route=\/wp\/v2\/pages"}],"about":[{"href":"https:\/\/powstaniewielkopolskie.pl\/nowa\/index.php?rest_route=\/wp\/v2\/types\/page"}],"author":[{"embeddable":true,"href":"https:\/\/powstaniewielkopolskie.pl\/nowa\/index.php?rest_route=\/wp\/v2\/users\/1"}],"replies":[{"embeddable":true,"href":"https:\/\/powstaniewielkopolskie.pl\/nowa\/index.php?rest_route=%2Fwp%2Fv2%2Fcomments&post=5248"}],"version-history":[{"count":6,"href":"https:\/\/powstaniewielkopolskie.pl\/nowa\/index.php?rest_route=\/wp\/v2\/pages\/5248\/revisions"}],"predecessor-version":[{"id":10946,"href":"https:\/\/powstaniewielkopolskie.pl\/nowa\/index.php?rest_route=\/wp\/v2\/pages\/5248\/revisions\/10946"}],"up":[{"embeddable":true,"href":"https:\/\/powstaniewielkopolskie.pl\/nowa\/index.php?rest_route=\/wp\/v2\/pages\/5242"}],"wp:attachment":[{"href":"https:\/\/powstaniewielkopolskie.pl\/nowa\/index.php?rest_route=%2Fwp%2Fv2%2Fmedia&parent=5248"}],"curies":[{"name":"wp","href":"https:\/\/api.w.org\/{rel}","templated":true}]}}