{"id":51,"date":"2016-08-02T22:12:54","date_gmt":"2016-08-02T20:12:54","guid":{"rendered":"http:\/\/powstaniewielkopolskie.pl\/nowa\/?page_id=51"},"modified":"2026-01-16T16:53:18","modified_gmt":"2026-01-16T15:53:18","slug":"kontakt","status":"publish","type":"page","link":"https:\/\/powstaniewielkopolskie.pl\/nowa\/?page_id=51","title":{"rendered":"Kontakt"},"content":{"rendered":"<p><b>Adresy kontaktowe e-mail:<\/b><\/p>\n<ul>\n<li style=\"list-style-type: none;\">\n<ul>\n<li><a href=\"mailto:tadeusz@musial.pl\">Tadeusz Musia\u0142<\/a> &#8211; prezes<\/li>\n<\/ul>\n<\/li>\n<\/ul>\n<ul>\n<li style=\"list-style-type: none;\">\n<ul>\n<li><a href=\"mailto:salata.janusz@wp.pl\">Janusz Sa\u0142ata<\/a> &#8211; wiceprezes, w sprawach finansowych<\/li>\n<\/ul>\n<\/li>\n<\/ul>\n<ul>\n<li style=\"list-style-type: none;\">\n<ul>\n<li><a href=\"mailto:zkos1@poczta.onet.pl\">Zdzis\u0142aw Ko\u015bcia\u0144ski<\/a> &#8211; wiceprezes, w sprawach historycznych<\/li>\n<\/ul>\n<\/li>\n<\/ul>\n<ul>\n<li style=\"list-style-type: none;\">\n<ul>\n<li><a href=\"mailto:piotr_wojtczak@interia.pl\">Piotr Wojtczak<\/a> &#8211; sekretarz generalny, w sprawach bie\u017c\u0105cych wydarze\u0144<\/li>\n<\/ul>\n<\/li>\n<\/ul>\n<ul>\n<li style=\"list-style-type: none;\">\n<ul>\n<li><a href=\"mailto:katarzyna.soltysiak@powstaniewielkopolskie.pl\">Katarzyna So\u0142tysiak<\/a> &#8211; w sprawach wsp\u00f3\u0142pracy ze szko\u0142ami<\/li>\n<\/ul>\n<\/li>\n<\/ul>\n<hr \/>\n<p><b>Adresy:<\/b><\/p>\n<p><b>Zarz\u0105d G\u0142\u00f3wny<\/b><br \/>\n<i>Prezes Tadeusz Musia\u0142<\/i><br \/>\n61-823 Pozna\u0144<br \/>\nul. Piekary 17\u00a0 VIII p.<br \/>\nBiuro TPPW<br \/>\ntel. 607 703 340<br \/>\nczynne: od poniedzia\u0142ku do czwartku w godz. 10.00 &#8211; 13.30<br \/>\ne-mail: tppw@powstaniewielkopolskie.pl<br \/>\nKonto: Santander Bank Polska S.A.\u00a0\u00a0 64 1090 1359 0000 0000 3501 8544<br \/>\nNumer KRS: 0000066835<\/p>\n<p><b>Zarz\u0105d Oddzia\u0142u Kujawsko-Pomorskiego<\/b><br \/>\n<i>Prezes S\u0142awomir \u0141aniecki<\/i><br \/>\nUniwersytet Kazimierza Wielkiego<br \/>\n85-064 Bydgoszcz<br \/>\nul. J.K. Chodkiewicza 30<br \/>\ntel. 608 110 666<\/p>\n<p><b>Zarz\u0105d Oddzia\u0142u Lubuskiego<\/b><br \/>\n<i>Prezes Kamil Hypki<\/i><br \/>\n65-072 Zielona G\u00f3ra<br \/>\nul. Lisowskiego 1-3<br \/>\ntel. 504 075 728<\/p>\n<p><b>Zarz\u0105d Oddzia\u0142u Wielkopolskiego<\/b><br \/>\n<i>Prezes Wawrzyniec Wierzejewski<\/i><br \/>\n61-823 Pozna\u0144<br \/>\nUl. Piekary 17\u00a0 VIII p.<br \/>\ntel. 501 736 199<br \/>\ne-mail: wwierzej@gmail.com<\/p>\n<p><b>Zarz\u0105d Ko\u0142a Legnica<\/b><br \/>\n<i>Prezes Dariusz Lisowski<br \/>\n<\/i>Szko\u0142a Podstawowa nr 1<br \/>\n59-220 Legnica<br \/>\nul. Kamienna 20a<\/p>\n<p><b>Zarz\u0105d Ko\u0142a Szczecin<\/b><br \/>\n<i>Prezes Andrzej Lindecki<\/i><br \/>\n71-795 Szczecin<br \/>\nUl. Du\u0144ska 48\/3<br \/>\ntel.+48.601 889 413<br \/>\ne-mail:sktppw@o2.pl<\/p>\n<p><b>Zarz\u0105d Ko\u0142a Warszawa<\/b><br \/>\n<i>Prezes\u00a0 Renata Gorzkowska-Miko\u0142ajczyk<\/i><br \/>\n01-975 Warszawa<br \/>\nUl. Segedy\u0144ska 11<br \/>\nrenata-gorzkowska@wp.pl<\/p>\n<div data-animation=\"pulse\" data-icons-animation=\"no-animation\" data-overlay=\"on\" data-change-size=\"\" data-button-size=\"0.7\" style=\"font-size:0.7em;display:none;\" class=\"supsystic-social-sharing supsystic-social-sharing-package-flat supsystic-social-sharing-hide-on-homepage supsystic-social-sharing-content supsystic-social-sharing-content-align-center\" data-text=\"\"><a class=\"social-sharing-button sharer-flat sharer-flat-2 counter-standard digg\" target=\"_blank\" title=\"Digg\" href=\"http:\/\/digg.com\/submit?url=https%3A%2F%2Fpowstaniewielkopolskie.pl%2Fnowa%2F%3Fpage_id%3D51&title=Kontakt\" data-nid=\"8\" data-name=\"\" data-pid=\"1\" data-post-id=\"51\" data-url=\"https:\/\/powstaniewielkopolskie.pl\/nowa\/wp-admin\/admin-ajax.php\" data-url=\"https:\/\/powstaniewielkopolskie.pl\/nowa\/wp-admin\/admin-ajax.php\" data-description=\"Kontakt\" rel=\"nofollow\"><i class=\"fa fa-fw fa-digg\"><\/i><div class=\"counter-wrap standard\"><span class=\"counter\">10<\/span><\/div><\/a><a class=\"social-sharing-button sharer-flat sharer-flat-2 counter-standard mail\" target=\"_blank\" title=\"Mail\" href=\"#\" data-nid=\"16\" data-name=\"\" data-pid=\"1\" data-post-id=\"51\" data-url=\"https:\/\/powstaniewielkopolskie.pl\/nowa\/wp-admin\/admin-ajax.php\" data-url=\"https:\/\/powstaniewielkopolskie.pl\/nowa\/wp-admin\/admin-ajax.php\" data-description=\"Kontakt\" rel=\"nofollow\"><i class=\"fa fa-fw fa-envelope-o\"><\/i><div class=\"counter-wrap standard\"><span class=\"counter\">78<\/span><\/div><\/a><a class=\"social-sharing-button sharer-flat sharer-flat-2 counter-standard facebook\" target=\"_blank\" title=\"Facebook\" href=\"http:\/\/www.facebook.com\/sharer.php?u=https%3A%2F%2Fpowstaniewielkopolskie.pl%2Fnowa%2F%3Fpage_id%3D51\" data-nid=\"1\" data-name=\"\" data-pid=\"1\" data-post-id=\"51\" data-url=\"https:\/\/powstaniewielkopolskie.pl\/nowa\/wp-admin\/admin-ajax.php\" data-url=\"https:\/\/powstaniewielkopolskie.pl\/nowa\/wp-admin\/admin-ajax.php\" data-description=\"Kontakt\" rel=\"nofollow\"><i class=\"fa fa-fw fa-facebook\"><\/i><div class=\"counter-wrap standard\"><span class=\"counter\">61<\/span><\/div><\/a><a class=\"social-sharing-button sharer-flat sharer-flat-2 counter-standard whatsapp\" target=\"_blank\" title=\"WhatsApp\" href=\"whatsapp:\/\/send?text=https%3A%2F%2Fpowstaniewielkopolskie.pl%2Fnowa%2F%3Fpage_id%3D51\" data-nid=\"18\" data-name=\"\" data-pid=\"1\" data-post-id=\"51\" data-url=\"https:\/\/powstaniewielkopolskie.pl\/nowa\/wp-admin\/admin-ajax.php\" data-url=\"https:\/\/powstaniewielkopolskie.pl\/nowa\/wp-admin\/admin-ajax.php\" data-description=\"Kontakt\" rel=\"nofollow\"><i class=\"fa fa-fw fa-whatsapp\"><\/i><div class=\"counter-wrap standard\"><span class=\"counter\">11<\/span><\/div><\/a><a class=\"social-sharing-button sharer-flat sharer-flat-2 counter-standard twitter\" target=\"_blank\" title=\"Twitter\" href=\"https:\/\/twitter.com\/share?url=https%3A%2F%2Fpowstaniewielkopolskie.pl%2Fnowa%2F%3Fpage_id%3D51&text=Kontakt\" data-nid=\"2\" data-name=\"\" data-pid=\"1\" data-post-id=\"51\" data-url=\"https:\/\/powstaniewielkopolskie.pl\/nowa\/wp-admin\/admin-ajax.php\" data-url=\"https:\/\/powstaniewielkopolskie.pl\/nowa\/wp-admin\/admin-ajax.php\" data-description=\"Kontakt\" rel=\"nofollow\"><i class=\"fa fa-fw fa-twitter\"><\/i><div class=\"counter-wrap standard\"><span class=\"counter\">6<\/span><\/div><\/a><a class=\"social-sharing-button sharer-flat sharer-flat-2 counter-standard googleplus\" target=\"_blank\" title=\"Google+\" href=\"https:\/\/plus.google.com\/share?url=https%3A%2F%2Fpowstaniewielkopolskie.pl%2Fnowa%2F%3Fpage_id%3D51\" data-nid=\"3\" data-name=\"\" data-pid=\"1\" data-post-id=\"51\" data-url=\"https:\/\/powstaniewielkopolskie.pl\/nowa\/wp-admin\/admin-ajax.php\" data-url=\"https:\/\/powstaniewielkopolskie.pl\/nowa\/wp-admin\/admin-ajax.php\" data-description=\"Kontakt\" rel=\"nofollow\"><i class=\"fa fa-fw fa-google-plus\"><\/i><div class=\"counter-wrap standard\"><span class=\"counter\">14<\/span><\/div><\/a><\/div>","protected":false},"excerpt":{"rendered":"<p>Adresy kontaktowe e-mail: Tadeusz Musia\u0142 &#8211; prezes Janusz Sa\u0142ata &#8211; wiceprezes, w sprawach finansowych Zdzis\u0142aw Ko\u015bcia\u0144ski &#8211; wiceprezes, w sprawach historycznych Piotr Wojtczak &#8211; sekretarz generalny, w sprawach bie\u017c\u0105cych wydarze\u0144 Katarzyna So\u0142tysiak<a class=\"moretag\" href=\"https:\/\/powstaniewielkopolskie.pl\/nowa\/?page_id=51\">Czytaj wi\u0119cej&#8230;<\/a><\/p>\n<div data-animation=\"pulse\" data-icons-animation=\"no-animation\" data-overlay=\"on\" data-change-size=\"\" data-button-size=\"0.7\" style=\"font-size:0.7em;display:none;\" class=\"supsystic-social-sharing supsystic-social-sharing-package-flat supsystic-social-sharing-hide-on-homepage supsystic-social-sharing-content supsystic-social-sharing-content-align-center\" data-text=\"\"><a class=\"social-sharing-button sharer-flat sharer-flat-2 counter-standard digg\" target=\"_blank\" title=\"Digg\" href=\"http:\/\/digg.com\/submit?url=https%3A%2F%2Fpowstaniewielkopolskie.pl%2Fnowa%2F%3Fpage_id%3D51&title=Kontakt\" data-nid=\"8\" data-name=\"\" data-pid=\"1\" data-post-id=\"51\" data-url=\"https:\/\/powstaniewielkopolskie.pl\/nowa\/wp-admin\/admin-ajax.php\" data-url=\"https:\/\/powstaniewielkopolskie.pl\/nowa\/wp-admin\/admin-ajax.php\" data-description=\"Kontakt\" rel=\"nofollow\"><i class=\"fa fa-fw fa-digg\"><\/i><div class=\"counter-wrap standard\"><span class=\"counter\">10<\/span><\/div><\/a><a class=\"social-sharing-button sharer-flat sharer-flat-2 counter-standard mail\" target=\"_blank\" title=\"Mail\" href=\"#\" data-nid=\"16\" data-name=\"\" data-pid=\"1\" data-post-id=\"51\" data-url=\"https:\/\/powstaniewielkopolskie.pl\/nowa\/wp-admin\/admin-ajax.php\" data-url=\"https:\/\/powstaniewielkopolskie.pl\/nowa\/wp-admin\/admin-ajax.php\" data-description=\"Kontakt\" rel=\"nofollow\"><i class=\"fa fa-fw fa-envelope-o\"><\/i><div class=\"counter-wrap standard\"><span class=\"counter\">78<\/span><\/div><\/a><a class=\"social-sharing-button sharer-flat sharer-flat-2 counter-standard facebook\" target=\"_blank\" title=\"Facebook\" href=\"http:\/\/www.facebook.com\/sharer.php?u=https%3A%2F%2Fpowstaniewielkopolskie.pl%2Fnowa%2F%3Fpage_id%3D51\" data-nid=\"1\" data-name=\"\" data-pid=\"1\" data-post-id=\"51\" data-url=\"https:\/\/powstaniewielkopolskie.pl\/nowa\/wp-admin\/admin-ajax.php\" data-url=\"https:\/\/powstaniewielkopolskie.pl\/nowa\/wp-admin\/admin-ajax.php\" data-description=\"Kontakt\" rel=\"nofollow\"><i class=\"fa fa-fw fa-facebook\"><\/i><div class=\"counter-wrap standard\"><span class=\"counter\">61<\/span><\/div><\/a><a class=\"social-sharing-button sharer-flat sharer-flat-2 counter-standard whatsapp\" target=\"_blank\" title=\"WhatsApp\" href=\"whatsapp:\/\/send?text=https%3A%2F%2Fpowstaniewielkopolskie.pl%2Fnowa%2F%3Fpage_id%3D51\" data-nid=\"18\" data-name=\"\" data-pid=\"1\" data-post-id=\"51\" data-url=\"https:\/\/powstaniewielkopolskie.pl\/nowa\/wp-admin\/admin-ajax.php\" data-url=\"https:\/\/powstaniewielkopolskie.pl\/nowa\/wp-admin\/admin-ajax.php\" data-description=\"Kontakt\" rel=\"nofollow\"><i class=\"fa fa-fw fa-whatsapp\"><\/i><div class=\"counter-wrap standard\"><span class=\"counter\">11<\/span><\/div><\/a><a class=\"social-sharing-button sharer-flat sharer-flat-2 counter-standard twitter\" target=\"_blank\" title=\"Twitter\" href=\"https:\/\/twitter.com\/share?url=https%3A%2F%2Fpowstaniewielkopolskie.pl%2Fnowa%2F%3Fpage_id%3D51&text=Kontakt\" data-nid=\"2\" data-name=\"\" data-pid=\"1\" data-post-id=\"51\" data-url=\"https:\/\/powstaniewielkopolskie.pl\/nowa\/wp-admin\/admin-ajax.php\" data-url=\"https:\/\/powstaniewielkopolskie.pl\/nowa\/wp-admin\/admin-ajax.php\" data-description=\"Kontakt\" rel=\"nofollow\"><i class=\"fa fa-fw fa-twitter\"><\/i><div class=\"counter-wrap standard\"><span class=\"counter\">6<\/span><\/div><\/a><a class=\"social-sharing-button sharer-flat sharer-flat-2 counter-standard googleplus\" target=\"_blank\" title=\"Google+\" href=\"https:\/\/plus.google.com\/share?url=https%3A%2F%2Fpowstaniewielkopolskie.pl%2Fnowa%2F%3Fpage_id%3D51\" data-nid=\"3\" data-name=\"\" data-pid=\"1\" data-post-id=\"51\" data-url=\"https:\/\/powstaniewielkopolskie.pl\/nowa\/wp-admin\/admin-ajax.php\" data-url=\"https:\/\/powstaniewielkopolskie.pl\/nowa\/wp-admin\/admin-ajax.php\" data-description=\"Kontakt\" rel=\"nofollow\"><i class=\"fa fa-fw fa-google-plus\"><\/i><div class=\"counter-wrap standard\"><span class=\"counter\">14<\/span><\/div><\/a><\/div>","protected":false},"author":1,"featured_media":0,"parent":0,"menu_order":5,"comment_status":"closed","ping_status":"closed","template":"","meta":{"footnotes":""},"_links":{"self":[{"href":"https:\/\/powstaniewielkopolskie.pl\/nowa\/index.php?rest_route=\/wp\/v2\/pages\/51"}],"collection":[{"href":"https:\/\/powstaniewielkopolskie.pl\/nowa\/index.php?rest_route=\/wp\/v2\/pages"}],"about":[{"href":"https:\/\/powstaniewielkopolskie.pl\/nowa\/index.php?rest_route=\/wp\/v2\/types\/page"}],"author":[{"embeddable":true,"href":"https:\/\/powstaniewielkopolskie.pl\/nowa\/index.php?rest_route=\/wp\/v2\/users\/1"}],"replies":[{"embeddable":true,"href":"https:\/\/powstaniewielkopolskie.pl\/nowa\/index.php?rest_route=%2Fwp%2Fv2%2Fcomments&post=51"}],"version-history":[{"count":21,"href":"https:\/\/powstaniewielkopolskie.pl\/nowa\/index.php?rest_route=\/wp\/v2\/pages\/51\/revisions"}],"predecessor-version":[{"id":11163,"href":"https:\/\/powstaniewielkopolskie.pl\/nowa\/index.php?rest_route=\/wp\/v2\/pages\/51\/revisions\/11163"}],"wp:attachment":[{"href":"https:\/\/powstaniewielkopolskie.pl\/nowa\/index.php?rest_route=%2Fwp%2Fv2%2Fmedia&parent=51"}],"curies":[{"name":"wp","href":"https:\/\/api.w.org\/{rel}","templated":true}]}}