{"id":242,"date":"2017-03-16T21:15:29","date_gmt":"2017-03-16T20:15:29","guid":{"rendered":"http:\/\/powstaniewielkopolskie.pl\/nowa\/?page_id=242"},"modified":"2017-04-19T14:14:10","modified_gmt":"2017-04-19T12:14:10","slug":"start","status":"publish","type":"page","link":"https:\/\/powstaniewielkopolskie.pl\/nowa\/","title":{"rendered":"Start"},"content":{"rendered":"<div class=\"tx-blog tx-post-row tx-masonry\"><div class=\"tx-blog-item tx-post-col-2\"><div class=\"tx-border-box\"><div class=\"tx-blog-img\"><a href=\"https:\/\/powstaniewielkopolskie.pl\/nowa\/wp-content\/uploads\/2026\/05\/9db3f759-e485-4eb9-881c-6a80b8fb3207-bis.jpg\" class=\"tx-colorbox\"><img decoding=\"async\" src=\"https:\/\/powstaniewielkopolskie.pl\/nowa\/wp-content\/uploads\/2026\/05\/9db3f759-e485-4eb9-881c-6a80b8fb3207-bis-600x360.jpg\" alt=\"\" class=\"blog-image\" \/><\/a><span class=\"tx-post-comm\"><span>0<\/span><\/span><\/div><div class=\"tx-post-content\"><h3 class=\"tx-post-title\"><a href=\"https:\/\/powstaniewielkopolskie.pl\/nowa\/?p=11587\">Obchody \u015awi\u0119ta Szko\u0142y Podstawowej im. Powsta\u0144c\u00f3w Ziemi Opalenickiej<\/a><\/h3><div style=\"height: 16px;\"><\/div><div class=\"tx-blog-content\">30 kwietnia 2026 r. &#8211; spo\u0142eczno\u015b\u0107 Szko\u0142y Podstawowej im. Powsta\u0144c\u00f3w Ziemi Opalenickiej uczci\u0142a \u015awi\u0119to Szko\u0142y, oddaj\u0105c ho\u0142d bohaterom Powstania Wielkopolskiego 1918\u20131919 oraz piel\u0119gnuj\u0105c pami\u0119\u0107 o ich odwadze i po\u015bwi\u0119ceniu. W murach szko\u0142y<a class=\"moretag\" href=\"https:\/\/powstaniewielkopolskie.pl\/nowa\/?p=11587\">Czytaj wi\u0119cej...<\/a><\/div><div class=\"tx-meta\"><span class=\"tx-author\">By : <a href=\"https:\/\/powstaniewielkopolskie.pl\/nowa\/?author=4\">piotr<\/a><\/span><span class=\"tx-date\"> | maj 3, 2026<\/span><\/div><\/div><\/div><\/div><div class=\"tx-blog-item tx-post-col-2\"><div class=\"tx-border-box\"><div class=\"tx-blog-img\"><a href=\"https:\/\/powstaniewielkopolskie.pl\/nowa\/wp-content\/uploads\/2026\/04\/IMG_4686-bis.jpg\" class=\"tx-colorbox\"><img decoding=\"async\" src=\"https:\/\/powstaniewielkopolskie.pl\/nowa\/wp-content\/uploads\/2026\/04\/IMG_4686-bis-600x360.jpg\" alt=\"\" class=\"blog-image\" \/><\/a><span class=\"tx-post-comm\"><span>0<\/span><\/span><\/div><div class=\"tx-post-content\"><h3 class=\"tx-post-title\"><a href=\"https:\/\/powstaniewielkopolskie.pl\/nowa\/?p=11562\">X edycja Turnieju Historycznego w Pile<\/a><\/h3><div style=\"height: 16px;\"><\/div><div class=\"tx-blog-content\">23 kwietnia 2026 r. &#8211; z okazji 107. rocznicy wybuchu Powstania Wielkopolskiego, w sali gimnastycznej Szko\u0142y Podstawowej nr 5 im. Dzieci Polskich w Pile odby\u0142a si\u0119 X edycja Turnieju Historycznego Jeden z<a class=\"moretag\" href=\"https:\/\/powstaniewielkopolskie.pl\/nowa\/?p=11562\">Czytaj wi\u0119cej...<\/a><\/div><div class=\"tx-meta\"><span class=\"tx-author\">By : <a href=\"https:\/\/powstaniewielkopolskie.pl\/nowa\/?author=4\">piotr<\/a><\/span><span class=\"tx-date\"> | kwi 30, 2026<\/span><\/div><\/div><\/div><\/div><div class=\"tx-blog-item tx-post-col-2\"><div class=\"tx-border-box\"><div class=\"tx-blog-img\"><a href=\"https:\/\/powstaniewielkopolskie.pl\/nowa\/wp-content\/uploads\/2026\/04\/672684926_1721152255931948_922394357675451887_n-1050x1400.jpg\" class=\"tx-colorbox\"><img decoding=\"async\" src=\"https:\/\/powstaniewielkopolskie.pl\/nowa\/wp-content\/uploads\/2026\/04\/672684926_1721152255931948_922394357675451887_n-600x360.jpg\" alt=\"\" class=\"blog-image\" \/><\/a><span class=\"tx-post-comm\"><span>0<\/span><\/span><\/div><div class=\"tx-post-content\"><h3 class=\"tx-post-title\"><a href=\"https:\/\/powstaniewielkopolskie.pl\/nowa\/?p=11551\">Wyk\u0142ad go\u015bcinny w Muzeum Powstania Wielkopolskiego<\/a><\/h3><div style=\"height: 16px;\"><\/div><div class=\"tx-blog-content\">18 kwietnia 2026 r. &#8211; w Muzeum Powstania Wielkopolskiego w Poznaniu, oddziale Wielkopolskiego Muzeum Niepodleg\u0142o\u015bci, dr hab. Arkadiusz S\u0142abig, profesor Uniwersytetu Pomorskiego w S\u0142upsku, dzia\u0142acz Towarzystwa Pami\u0119ci Powstania Wielkopolskiego 1918\/1919, wyg\u0142osi\u0142 prelekcj\u0119<a class=\"moretag\" href=\"https:\/\/powstaniewielkopolskie.pl\/nowa\/?p=11551\">Czytaj wi\u0119cej...<\/a><\/div><div class=\"tx-meta\"><span class=\"tx-author\">By : <a href=\"https:\/\/powstaniewielkopolskie.pl\/nowa\/?author=4\">piotr<\/a><\/span><span class=\"tx-date\"> | kwi 25, 2026<\/span><\/div><\/div><\/div><\/div><div class=\"tx-blog-item tx-post-col-2\"><div class=\"tx-border-box\"><div class=\"tx-blog-img\"><a href=\"https:\/\/powstaniewielkopolskie.pl\/nowa\/wp-content\/uploads\/2026\/04\/2123-bis.jpg\" class=\"tx-colorbox\"><img decoding=\"async\" src=\"https:\/\/powstaniewielkopolskie.pl\/nowa\/wp-content\/uploads\/2026\/04\/2123-bis-600x360.jpg\" alt=\"\" class=\"blog-image\" \/><\/a><span class=\"tx-post-comm\"><span>0<\/span><\/span><\/div><div class=\"tx-post-content\"><h3 class=\"tx-post-title\"><a href=\"https:\/\/powstaniewielkopolskie.pl\/nowa\/?p=11544\">Sesja popularnonaukowa \u201eZiemianie i ich wk\u0142ad w niepodleg\u0142o\u015b\u0107 Krajny i Pa\u0142uk&#8221;<\/a><\/h3><div style=\"height: 16px;\"><\/div><div class=\"tx-blog-content\">17 kwietnia 2026 r. &#8211; Szubi\u0144skie Towarzystwo Kulturalne wraz z partnerami &#8211; Muzeum Ziemi Szubi\u0144skiej i Towarzystwem Pami\u0119ci Powstania Wielkopolskiego w Szubinie &#8211; zaprosili na sesj\u0119 popularnonaukow\u0105 w Szubinie. Tematem spotkania, kt\u00f3re<a class=\"moretag\" href=\"https:\/\/powstaniewielkopolskie.pl\/nowa\/?p=11544\">Czytaj wi\u0119cej...<\/a><\/div><div class=\"tx-meta\"><span class=\"tx-author\">By : <a href=\"https:\/\/powstaniewielkopolskie.pl\/nowa\/?author=4\">piotr<\/a><\/span><span class=\"tx-date\"> | kwi 25, 2026<\/span><\/div><\/div><\/div><\/div><\/div>\n<p style=\"text-align: center;\"><a href=\"http:\/\/powstaniewielkopolskie.pl\/nowa\/?page_id=374\">&lt;&lt; Zobacz wszystkie artyku\u0142y &gt;&gt;<\/a><\/p>\n<div data-animation=\"pulse\" data-icons-animation=\"no-animation\" data-overlay=\"on\" data-change-size=\"\" data-button-size=\"0.7\" style=\"font-size:0.7em;display:none;\" class=\"supsystic-social-sharing supsystic-social-sharing-package-flat supsystic-social-sharing-hide-on-homepage supsystic-social-sharing-content supsystic-social-sharing-content-align-center\" data-text=\"\"><a class=\"social-sharing-button sharer-flat sharer-flat-2 counter-standard digg\" target=\"_blank\" title=\"Digg\" href=\"http:\/\/digg.com\/submit?url=https%3A%2F%2Fpowstaniewielkopolskie.pl%2Fnowa%2F&title=Start\" data-nid=\"8\" data-name=\"\" data-pid=\"1\" data-post-id=\"242\" data-url=\"https:\/\/powstaniewielkopolskie.pl\/nowa\/wp-admin\/admin-ajax.php\" data-url=\"https:\/\/powstaniewielkopolskie.pl\/nowa\/wp-admin\/admin-ajax.php\" data-description=\"Start\" rel=\"nofollow\"><i class=\"fa fa-fw fa-digg\"><\/i><div class=\"counter-wrap standard\"><span class=\"counter\">0<\/span><\/div><\/a><a class=\"social-sharing-button sharer-flat sharer-flat-2 counter-standard mail\" target=\"_blank\" title=\"Mail\" href=\"#\" data-nid=\"16\" data-name=\"\" data-pid=\"1\" data-post-id=\"242\" data-url=\"https:\/\/powstaniewielkopolskie.pl\/nowa\/wp-admin\/admin-ajax.php\" data-url=\"https:\/\/powstaniewielkopolskie.pl\/nowa\/wp-admin\/admin-ajax.php\" data-description=\"Start\" rel=\"nofollow\"><i class=\"fa fa-fw fa-envelope-o\"><\/i><div class=\"counter-wrap standard\"><span class=\"counter\">0<\/span><\/div><\/a><a class=\"social-sharing-button sharer-flat sharer-flat-2 counter-standard facebook\" target=\"_blank\" title=\"Facebook\" href=\"http:\/\/www.facebook.com\/sharer.php?u=https%3A%2F%2Fpowstaniewielkopolskie.pl%2Fnowa%2F\" data-nid=\"1\" data-name=\"\" data-pid=\"1\" data-post-id=\"242\" data-url=\"https:\/\/powstaniewielkopolskie.pl\/nowa\/wp-admin\/admin-ajax.php\" data-url=\"https:\/\/powstaniewielkopolskie.pl\/nowa\/wp-admin\/admin-ajax.php\" data-description=\"Start\" rel=\"nofollow\"><i class=\"fa fa-fw fa-facebook\"><\/i><div class=\"counter-wrap standard\"><span class=\"counter\">0<\/span><\/div><\/a><a class=\"social-sharing-button sharer-flat sharer-flat-2 counter-standard whatsapp\" target=\"_blank\" title=\"WhatsApp\" href=\"whatsapp:\/\/send?text=https%3A%2F%2Fpowstaniewielkopolskie.pl%2Fnowa%2F\" data-nid=\"18\" data-name=\"\" data-pid=\"1\" data-post-id=\"242\" data-url=\"https:\/\/powstaniewielkopolskie.pl\/nowa\/wp-admin\/admin-ajax.php\" data-url=\"https:\/\/powstaniewielkopolskie.pl\/nowa\/wp-admin\/admin-ajax.php\" data-description=\"Start\" rel=\"nofollow\"><i class=\"fa fa-fw fa-whatsapp\"><\/i><div class=\"counter-wrap standard\"><span class=\"counter\">0<\/span><\/div><\/a><a class=\"social-sharing-button sharer-flat sharer-flat-2 counter-standard twitter\" target=\"_blank\" title=\"Twitter\" href=\"https:\/\/twitter.com\/share?url=https%3A%2F%2Fpowstaniewielkopolskie.pl%2Fnowa%2F&text=Start\" data-nid=\"2\" data-name=\"\" data-pid=\"1\" data-post-id=\"242\" data-url=\"https:\/\/powstaniewielkopolskie.pl\/nowa\/wp-admin\/admin-ajax.php\" data-url=\"https:\/\/powstaniewielkopolskie.pl\/nowa\/wp-admin\/admin-ajax.php\" data-description=\"Start\" rel=\"nofollow\"><i class=\"fa fa-fw fa-twitter\"><\/i><div class=\"counter-wrap standard\"><span class=\"counter\">0<\/span><\/div><\/a><a class=\"social-sharing-button sharer-flat sharer-flat-2 counter-standard googleplus\" target=\"_blank\" title=\"Google+\" href=\"https:\/\/plus.google.com\/share?url=https%3A%2F%2Fpowstaniewielkopolskie.pl%2Fnowa%2F\" data-nid=\"3\" data-name=\"\" data-pid=\"1\" data-post-id=\"242\" data-url=\"https:\/\/powstaniewielkopolskie.pl\/nowa\/wp-admin\/admin-ajax.php\" data-url=\"https:\/\/powstaniewielkopolskie.pl\/nowa\/wp-admin\/admin-ajax.php\" data-description=\"Start\" rel=\"nofollow\"><i class=\"fa fa-fw fa-google-plus\"><\/i><div class=\"counter-wrap standard\"><span class=\"counter\">0<\/span><\/div><\/a><\/div>","protected":false},"excerpt":{"rendered":"<p>17 kwietnia 2026 r. &#8211; Szubi\u0144skie Towarzystwo Kulturalne wraz z partnerami &#8211; Muzeum Ziemi Szubi\u0144skiej i Towarzystwem Pami\u0119ci Powstania Wielkopolskiego w Szubinie &#8211; zaprosili na sesj\u0119 popularnonaukow\u0105 w Szubinie. Tematem spotkania, kt\u00f3re<a class=\"moretag\" href=\"https:\/\/powstaniewielkopolskie.pl\/nowa\/?p=11544\">Czytaj wi\u0119cej&#8230;<\/a><\/p>\n<div data-animation=\"pulse\" data-icons-animation=\"no-animation\" data-overlay=\"on\" data-change-size=\"\" data-button-size=\"0.7\" style=\"font-size:0.7em;display:none;\" class=\"supsystic-social-sharing supsystic-social-sharing-package-flat supsystic-social-sharing-hide-on-homepage supsystic-social-sharing-content supsystic-social-sharing-content-align-center\" data-text=\"\"><a class=\"social-sharing-button sharer-flat sharer-flat-2 counter-standard digg\" target=\"_blank\" title=\"Digg\" href=\"http:\/\/digg.com\/submit?url=https%3A%2F%2Fpowstaniewielkopolskie.pl%2Fnowa%2F%3Fp%3D11544&title=Sesja+popularnonaukowa+%E2%80%9EZiemianie+i+ich+wk%C5%82ad+w+niepodleg%C5%82o%C5%9B%C4%87+Krajny+i+Pa%C5%82uk%26%238221%3B\" data-nid=\"8\" data-name=\"\" data-pid=\"1\" data-post-id=\"11544\" data-url=\"https:\/\/powstaniewielkopolskie.pl\/nowa\/wp-admin\/admin-ajax.php\" data-url=\"https:\/\/powstaniewielkopolskie.pl\/nowa\/wp-admin\/admin-ajax.php\" data-description=\"Sesja popularnonaukowa \u201eZiemianie i ich wk\u0142ad w niepodleg\u0142o\u015b\u0107 Krajny i Pa\u0142uk\\\"\" rel=\"nofollow\"><i class=\"fa fa-fw fa-digg\"><\/i><div class=\"counter-wrap standard\"><span class=\"counter\">0<\/span><\/div><\/a><a class=\"social-sharing-button sharer-flat sharer-flat-2 counter-standard mail\" target=\"_blank\" title=\"Mail\" href=\"#\" data-nid=\"16\" data-name=\"\" data-pid=\"1\" data-post-id=\"11544\" data-url=\"https:\/\/powstaniewielkopolskie.pl\/nowa\/wp-admin\/admin-ajax.php\" data-url=\"https:\/\/powstaniewielkopolskie.pl\/nowa\/wp-admin\/admin-ajax.php\" data-description=\"Sesja popularnonaukowa \u201eZiemianie i ich wk\u0142ad w niepodleg\u0142o\u015b\u0107 Krajny i Pa\u0142uk\\\"\" rel=\"nofollow\"><i class=\"fa fa-fw fa-envelope-o\"><\/i><div class=\"counter-wrap standard\"><span class=\"counter\">0<\/span><\/div><\/a><a class=\"social-sharing-button sharer-flat sharer-flat-2 counter-standard facebook\" target=\"_blank\" title=\"Facebook\" href=\"http:\/\/www.facebook.com\/sharer.php?u=https%3A%2F%2Fpowstaniewielkopolskie.pl%2Fnowa%2F%3Fp%3D11544\" data-nid=\"1\" data-name=\"\" data-pid=\"1\" data-post-id=\"11544\" data-url=\"https:\/\/powstaniewielkopolskie.pl\/nowa\/wp-admin\/admin-ajax.php\" data-url=\"https:\/\/powstaniewielkopolskie.pl\/nowa\/wp-admin\/admin-ajax.php\" data-description=\"Sesja popularnonaukowa \u201eZiemianie i ich wk\u0142ad w niepodleg\u0142o\u015b\u0107 Krajny i Pa\u0142uk\\\"\" rel=\"nofollow\"><i class=\"fa fa-fw fa-facebook\"><\/i><div class=\"counter-wrap standard\"><span class=\"counter\">0<\/span><\/div><\/a><a class=\"social-sharing-button sharer-flat sharer-flat-2 counter-standard whatsapp\" target=\"_blank\" title=\"WhatsApp\" href=\"whatsapp:\/\/send?text=https%3A%2F%2Fpowstaniewielkopolskie.pl%2Fnowa%2F%3Fp%3D11544\" data-nid=\"18\" data-name=\"\" data-pid=\"1\" data-post-id=\"11544\" data-url=\"https:\/\/powstaniewielkopolskie.pl\/nowa\/wp-admin\/admin-ajax.php\" data-url=\"https:\/\/powstaniewielkopolskie.pl\/nowa\/wp-admin\/admin-ajax.php\" data-description=\"Sesja popularnonaukowa \u201eZiemianie i ich wk\u0142ad w niepodleg\u0142o\u015b\u0107 Krajny i Pa\u0142uk\\\"\" rel=\"nofollow\"><i class=\"fa fa-fw fa-whatsapp\"><\/i><div class=\"counter-wrap standard\"><span class=\"counter\">0<\/span><\/div><\/a><a class=\"social-sharing-button sharer-flat sharer-flat-2 counter-standard twitter\" target=\"_blank\" title=\"Twitter\" href=\"https:\/\/twitter.com\/share?url=https%3A%2F%2Fpowstaniewielkopolskie.pl%2Fnowa%2F%3Fp%3D11544&text=Sesja+popularnonaukowa+%E2%80%9EZiemianie+i+ich+wk%C5%82ad+w+niepodleg%C5%82o%C5%9B%C4%87+Krajny+i+Pa%C5%82uk%26%238221%3B\" data-nid=\"2\" data-name=\"\" data-pid=\"1\" data-post-id=\"11544\" data-url=\"https:\/\/powstaniewielkopolskie.pl\/nowa\/wp-admin\/admin-ajax.php\" data-url=\"https:\/\/powstaniewielkopolskie.pl\/nowa\/wp-admin\/admin-ajax.php\" data-description=\"Sesja popularnonaukowa \u201eZiemianie i ich wk\u0142ad w niepodleg\u0142o\u015b\u0107 Krajny i Pa\u0142uk\\\"\" rel=\"nofollow\"><i class=\"fa fa-fw fa-twitter\"><\/i><div class=\"counter-wrap standard\"><span class=\"counter\">0<\/span><\/div><\/a><a class=\"social-sharing-button sharer-flat sharer-flat-2 counter-standard googleplus\" target=\"_blank\" title=\"Google+\" href=\"https:\/\/plus.google.com\/share?url=https%3A%2F%2Fpowstaniewielkopolskie.pl%2Fnowa%2F%3Fp%3D11544\" data-nid=\"3\" data-name=\"\" data-pid=\"1\" data-post-id=\"11544\" data-url=\"https:\/\/powstaniewielkopolskie.pl\/nowa\/wp-admin\/admin-ajax.php\" data-url=\"https:\/\/powstaniewielkopolskie.pl\/nowa\/wp-admin\/admin-ajax.php\" data-description=\"Sesja popularnonaukowa \u201eZiemianie i ich wk\u0142ad w niepodleg\u0142o\u015b\u0107 Krajny i Pa\u0142uk\\\"\" rel=\"nofollow\"><i class=\"fa fa-fw fa-google-plus\"><\/i><div class=\"counter-wrap standard\"><span class=\"counter\">0<\/span><\/div><\/a><\/div>","protected":false},"author":1,"featured_media":0,"parent":0,"menu_order":1,"comment_status":"closed","ping_status":"closed","template":"","meta":{"footnotes":""},"_links":{"self":[{"href":"https:\/\/powstaniewielkopolskie.pl\/nowa\/index.php?rest_route=\/wp\/v2\/pages\/242"}],"collection":[{"href":"https:\/\/powstaniewielkopolskie.pl\/nowa\/index.php?rest_route=\/wp\/v2\/pages"}],"about":[{"href":"https:\/\/powstaniewielkopolskie.pl\/nowa\/index.php?rest_route=\/wp\/v2\/types\/page"}],"author":[{"embeddable":true,"href":"https:\/\/powstaniewielkopolskie.pl\/nowa\/index.php?rest_route=\/wp\/v2\/users\/1"}],"replies":[{"embeddable":true,"href":"https:\/\/powstaniewielkopolskie.pl\/nowa\/index.php?rest_route=%2Fwp%2Fv2%2Fcomments&post=242"}],"version-history":[{"count":3,"href":"https:\/\/powstaniewielkopolskie.pl\/nowa\/index.php?rest_route=\/wp\/v2\/pages\/242\/revisions"}],"predecessor-version":[{"id":377,"href":"https:\/\/powstaniewielkopolskie.pl\/nowa\/index.php?rest_route=\/wp\/v2\/pages\/242\/revisions\/377"}],"wp:attachment":[{"href":"https:\/\/powstaniewielkopolskie.pl\/nowa\/index.php?rest_route=%2Fwp%2Fv2%2Fmedia&parent=242"}],"curies":[{"name":"wp","href":"https:\/\/api.w.org\/{rel}","templated":true}]}}