{"id":35,"date":"2016-08-02T22:02:21","date_gmt":"2016-08-02T20:02:21","guid":{"rendered":"http:\/\/powstaniewielkopolskie.pl\/nowa\/?page_id=35"},"modified":"2024-06-13T12:38:26","modified_gmt":"2024-06-13T10:38:26","slug":"zarzad","status":"publish","type":"page","link":"http:\/\/powstaniewielkopolskie.pl\/nowa\/?page_id=35","title":{"rendered":"W\u0142adze TPPW"},"content":{"rendered":"<p><strong>Zarz\u0105d G\u0142\u00f3wny<\/strong><\/p>\n<ol>\n<li>Tadeusz Musia\u0142 &#8211; prezes<\/li>\n<li>Janusz Sa\u0142ata &#8211; wiceprezes i skarbnik<\/li>\n<li>Zdzis\u0142aw Ko\u015bcia\u0144ski &#8211; wiceprezes<\/li>\n<li>Wawrzyniec Wierzejewski &#8211; wiceprezes<\/li>\n<li>Piotr Wojtczak &#8211; sekretarz generalny<\/li>\n<li>Kamil Hypki &#8211; cz\u0142onek Prezydium<\/li>\n<li>Dorota Przybylska &#8211; cz\u0142onek Prezydium<\/li>\n<li>S\u0142awomir \u0141aniecki &#8211; cz\u0142onek Prezydium<\/li>\n<li>Katarzyna So\u0142tysiak &#8211; cz\u0142onek Prezydium<\/li>\n<li>Piotr Adamczewski<\/li>\n<li>Hanna Danielewicz<\/li>\n<li>Robert Gawe\u0142<\/li>\n<li>Piotr Guzik<\/li>\n<li>Jan Janiszewski<\/li>\n<li>Zbys\u0142aw Kazimierz Je\u017cewski<\/li>\n<li>Micha\u0142 Kielian<\/li>\n<li>Alina Kucharska<\/li>\n<li>Tomasz Kujaczy\u0144ski<\/li>\n<li>Pawe\u0142 Kuszczy\u0144ski<\/li>\n<li>Andrzej Lindecki<\/li>\n<li>Dariusz Lisowski<\/li>\n<li>Arkadiusz Ma\u0142yszka<\/li>\n<li>Maria Mielcarzewicz<\/li>\n<li>B\u0142a\u017cej Mo\u015bcipan<\/li>\n<li>Jan Or\u0142owski<\/li>\n<li>Piotr Pers<\/li>\n<li>Marian Pi\u0105tkowski<\/li>\n<li>Jacek Pietraszko<\/li>\n<li>Mariola Pola\u0144ska<\/li>\n<li>Karol Przes\u0142awski<\/li>\n<li>Jerzy Przybecki<\/li>\n<li>Hubert Rokoszewski<\/li>\n<li>Anna Sarbak<\/li>\n<li>Arkadiusz S\u0142abig<\/li>\n<li>Piotr Stachecki<\/li>\n<li>Lidia Szwechlowicz<\/li>\n<li>Micha\u0142 Umbreit<\/li>\n<li>Ryszard Wosi\u0144ski<\/li>\n<li>Katarzyna Zieli\u0144ska<\/li>\n<\/ol>\n<p><strong>G\u0142\u00f3wna Komisja Rewizyjna<\/strong><\/p>\n<ol>\n<li>Magdalena Lipi\u0144ska &#8211; przewodnicz\u0105ca<\/li>\n<li>Andrzej Mainka<\/li>\n<li>Dariusz Poszwi\u0144ski<\/li>\n<li>Marek Puczkarski<\/li>\n<li>Zdzis\u0142aw Rygusik<\/li>\n<\/ol>\n<p><strong>G\u0142\u00f3wny S\u0105d Kole\u017ce\u0144ski<\/strong><\/p>\n<ol>\n<li>Krzysztof Wyrwa &#8211; przewodnicz\u0105cy<\/li>\n<li>Roman Grewling<\/li>\n<li>Miros\u0142aw Kowalkowski<\/li>\n<li>Jan Miel\u017cy\u0144ski<\/li>\n<li>Marian Winiecki<\/li>\n<\/ol>\n<div data-animation=\"pulse\" data-icons-animation=\"no-animation\" data-overlay=\"on\" data-change-size=\"\" data-button-size=\"0.7\" style=\"font-size:0.7em;display:none;\" class=\"supsystic-social-sharing supsystic-social-sharing-package-flat supsystic-social-sharing-hide-on-homepage supsystic-social-sharing-content supsystic-social-sharing-content-align-center\" data-text=\"\"><a class=\"social-sharing-button sharer-flat sharer-flat-2 counter-standard digg\" target=\"_blank\" title=\"Digg\" href=\"http:\/\/digg.com\/submit?url=http%3A%2F%2Fpowstaniewielkopolskie.pl%2Fnowa%2F%3Fpage_id%3D35&title=W%C5%82adze+TPPW\" data-nid=\"8\" data-name=\"\" data-pid=\"1\" data-post-id=\"35\" data-url=\"http:\/\/powstaniewielkopolskie.pl\/nowa\/wp-admin\/admin-ajax.php\" data-url=\"http:\/\/powstaniewielkopolskie.pl\/nowa\/wp-admin\/admin-ajax.php\" data-description=\"W\u0142adze TPPW\" rel=\"nofollow\"><i class=\"fa fa-fw fa-digg\"><\/i><div class=\"counter-wrap standard\"><span class=\"counter\">5<\/span><\/div><\/a><a class=\"social-sharing-button sharer-flat sharer-flat-2 counter-standard mail\" target=\"_blank\" title=\"Mail\" href=\"#\" data-nid=\"16\" data-name=\"\" data-pid=\"1\" data-post-id=\"35\" data-url=\"http:\/\/powstaniewielkopolskie.pl\/nowa\/wp-admin\/admin-ajax.php\" data-url=\"http:\/\/powstaniewielkopolskie.pl\/nowa\/wp-admin\/admin-ajax.php\" data-description=\"W\u0142adze TPPW\" rel=\"nofollow\"><i class=\"fa fa-fw fa-envelope-o\"><\/i><div class=\"counter-wrap standard\"><span class=\"counter\">17<\/span><\/div><\/a><a class=\"social-sharing-button sharer-flat sharer-flat-2 counter-standard facebook\" target=\"_blank\" title=\"Facebook\" href=\"http:\/\/www.facebook.com\/sharer.php?u=http%3A%2F%2Fpowstaniewielkopolskie.pl%2Fnowa%2F%3Fpage_id%3D35\" data-nid=\"1\" data-name=\"\" data-pid=\"1\" data-post-id=\"35\" data-url=\"http:\/\/powstaniewielkopolskie.pl\/nowa\/wp-admin\/admin-ajax.php\" data-url=\"http:\/\/powstaniewielkopolskie.pl\/nowa\/wp-admin\/admin-ajax.php\" data-description=\"W\u0142adze TPPW\" rel=\"nofollow\"><i class=\"fa fa-fw fa-facebook\"><\/i><div class=\"counter-wrap standard\"><span class=\"counter\">13<\/span><\/div><\/a><a class=\"social-sharing-button sharer-flat sharer-flat-2 counter-standard whatsapp\" target=\"_blank\" title=\"WhatsApp\" href=\"whatsapp:\/\/send?text=http%3A%2F%2Fpowstaniewielkopolskie.pl%2Fnowa%2F%3Fpage_id%3D35\" data-nid=\"18\" data-name=\"\" data-pid=\"1\" data-post-id=\"35\" data-url=\"http:\/\/powstaniewielkopolskie.pl\/nowa\/wp-admin\/admin-ajax.php\" data-url=\"http:\/\/powstaniewielkopolskie.pl\/nowa\/wp-admin\/admin-ajax.php\" data-description=\"W\u0142adze TPPW\" rel=\"nofollow\"><i class=\"fa fa-fw fa-whatsapp\"><\/i><div class=\"counter-wrap standard\"><span class=\"counter\">3<\/span><\/div><\/a><a class=\"social-sharing-button sharer-flat sharer-flat-2 counter-standard twitter\" target=\"_blank\" title=\"Twitter\" href=\"https:\/\/twitter.com\/share?url=http%3A%2F%2Fpowstaniewielkopolskie.pl%2Fnowa%2F%3Fpage_id%3D35&text=W%C5%82adze+TPPW\" data-nid=\"2\" data-name=\"\" data-pid=\"1\" data-post-id=\"35\" data-url=\"http:\/\/powstaniewielkopolskie.pl\/nowa\/wp-admin\/admin-ajax.php\" data-url=\"http:\/\/powstaniewielkopolskie.pl\/nowa\/wp-admin\/admin-ajax.php\" data-description=\"W\u0142adze TPPW\" rel=\"nofollow\"><i class=\"fa fa-fw fa-twitter\"><\/i><div class=\"counter-wrap standard\"><span class=\"counter\">5<\/span><\/div><\/a><a class=\"social-sharing-button sharer-flat sharer-flat-2 counter-standard googleplus\" target=\"_blank\" title=\"Google+\" href=\"https:\/\/plus.google.com\/share?url=http%3A%2F%2Fpowstaniewielkopolskie.pl%2Fnowa%2F%3Fpage_id%3D35\" data-nid=\"3\" data-name=\"\" data-pid=\"1\" data-post-id=\"35\" data-url=\"http:\/\/powstaniewielkopolskie.pl\/nowa\/wp-admin\/admin-ajax.php\" data-url=\"http:\/\/powstaniewielkopolskie.pl\/nowa\/wp-admin\/admin-ajax.php\" data-description=\"W\u0142adze TPPW\" rel=\"nofollow\"><i class=\"fa fa-fw fa-google-plus\"><\/i><div class=\"counter-wrap standard\"><span class=\"counter\">5<\/span><\/div><\/a><\/div>","protected":false},"excerpt":{"rendered":"<p>Zarz\u0105d G\u0142\u00f3wny Tadeusz Musia\u0142 &#8211; prezes Janusz Sa\u0142ata &#8211; wiceprezes i skarbnik Zdzis\u0142aw Ko\u015bcia\u0144ski &#8211; wiceprezes Wawrzyniec Wierzejewski &#8211; wiceprezes Piotr Wojtczak &#8211; sekretarz generalny Kamil Hypki &#8211; cz\u0142onek Prezydium Dorota Przybylska<a class=\"moretag\" href=\"http:\/\/powstaniewielkopolskie.pl\/nowa\/?page_id=35\">Czytaj wi\u0119cej&#8230;<\/a><\/p>\n<div data-animation=\"pulse\" data-icons-animation=\"no-animation\" data-overlay=\"on\" data-change-size=\"\" data-button-size=\"0.7\" style=\"font-size:0.7em;display:none;\" class=\"supsystic-social-sharing supsystic-social-sharing-package-flat supsystic-social-sharing-hide-on-homepage supsystic-social-sharing-content supsystic-social-sharing-content-align-center\" data-text=\"\"><a class=\"social-sharing-button sharer-flat sharer-flat-2 counter-standard digg\" target=\"_blank\" title=\"Digg\" href=\"http:\/\/digg.com\/submit?url=http%3A%2F%2Fpowstaniewielkopolskie.pl%2Fnowa%2F%3Fpage_id%3D35&title=W%C5%82adze+TPPW\" data-nid=\"8\" data-name=\"\" data-pid=\"1\" data-post-id=\"35\" data-url=\"http:\/\/powstaniewielkopolskie.pl\/nowa\/wp-admin\/admin-ajax.php\" data-url=\"http:\/\/powstaniewielkopolskie.pl\/nowa\/wp-admin\/admin-ajax.php\" data-description=\"W\u0142adze TPPW\" rel=\"nofollow\"><i class=\"fa fa-fw fa-digg\"><\/i><div class=\"counter-wrap standard\"><span class=\"counter\">5<\/span><\/div><\/a><a class=\"social-sharing-button sharer-flat sharer-flat-2 counter-standard mail\" target=\"_blank\" title=\"Mail\" href=\"#\" data-nid=\"16\" data-name=\"\" data-pid=\"1\" data-post-id=\"35\" data-url=\"http:\/\/powstaniewielkopolskie.pl\/nowa\/wp-admin\/admin-ajax.php\" data-url=\"http:\/\/powstaniewielkopolskie.pl\/nowa\/wp-admin\/admin-ajax.php\" data-description=\"W\u0142adze TPPW\" rel=\"nofollow\"><i class=\"fa fa-fw fa-envelope-o\"><\/i><div class=\"counter-wrap standard\"><span class=\"counter\">17<\/span><\/div><\/a><a class=\"social-sharing-button sharer-flat sharer-flat-2 counter-standard facebook\" target=\"_blank\" title=\"Facebook\" href=\"http:\/\/www.facebook.com\/sharer.php?u=http%3A%2F%2Fpowstaniewielkopolskie.pl%2Fnowa%2F%3Fpage_id%3D35\" data-nid=\"1\" data-name=\"\" data-pid=\"1\" data-post-id=\"35\" data-url=\"http:\/\/powstaniewielkopolskie.pl\/nowa\/wp-admin\/admin-ajax.php\" data-url=\"http:\/\/powstaniewielkopolskie.pl\/nowa\/wp-admin\/admin-ajax.php\" data-description=\"W\u0142adze TPPW\" rel=\"nofollow\"><i class=\"fa fa-fw fa-facebook\"><\/i><div class=\"counter-wrap standard\"><span class=\"counter\">13<\/span><\/div><\/a><a class=\"social-sharing-button sharer-flat sharer-flat-2 counter-standard whatsapp\" target=\"_blank\" title=\"WhatsApp\" href=\"whatsapp:\/\/send?text=http%3A%2F%2Fpowstaniewielkopolskie.pl%2Fnowa%2F%3Fpage_id%3D35\" data-nid=\"18\" data-name=\"\" data-pid=\"1\" data-post-id=\"35\" data-url=\"http:\/\/powstaniewielkopolskie.pl\/nowa\/wp-admin\/admin-ajax.php\" data-url=\"http:\/\/powstaniewielkopolskie.pl\/nowa\/wp-admin\/admin-ajax.php\" data-description=\"W\u0142adze TPPW\" rel=\"nofollow\"><i class=\"fa fa-fw fa-whatsapp\"><\/i><div class=\"counter-wrap standard\"><span class=\"counter\">3<\/span><\/div><\/a><a class=\"social-sharing-button sharer-flat sharer-flat-2 counter-standard twitter\" target=\"_blank\" title=\"Twitter\" href=\"https:\/\/twitter.com\/share?url=http%3A%2F%2Fpowstaniewielkopolskie.pl%2Fnowa%2F%3Fpage_id%3D35&text=W%C5%82adze+TPPW\" data-nid=\"2\" data-name=\"\" data-pid=\"1\" data-post-id=\"35\" data-url=\"http:\/\/powstaniewielkopolskie.pl\/nowa\/wp-admin\/admin-ajax.php\" data-url=\"http:\/\/powstaniewielkopolskie.pl\/nowa\/wp-admin\/admin-ajax.php\" data-description=\"W\u0142adze TPPW\" rel=\"nofollow\"><i class=\"fa fa-fw fa-twitter\"><\/i><div class=\"counter-wrap standard\"><span class=\"counter\">5<\/span><\/div><\/a><a class=\"social-sharing-button sharer-flat sharer-flat-2 counter-standard googleplus\" target=\"_blank\" title=\"Google+\" href=\"https:\/\/plus.google.com\/share?url=http%3A%2F%2Fpowstaniewielkopolskie.pl%2Fnowa%2F%3Fpage_id%3D35\" data-nid=\"3\" data-name=\"\" data-pid=\"1\" data-post-id=\"35\" data-url=\"http:\/\/powstaniewielkopolskie.pl\/nowa\/wp-admin\/admin-ajax.php\" data-url=\"http:\/\/powstaniewielkopolskie.pl\/nowa\/wp-admin\/admin-ajax.php\" data-description=\"W\u0142adze TPPW\" rel=\"nofollow\"><i class=\"fa fa-fw fa-google-plus\"><\/i><div class=\"counter-wrap standard\"><span class=\"counter\">5<\/span><\/div><\/a><\/div>","protected":false},"author":1,"featured_media":0,"parent":27,"menu_order":0,"comment_status":"closed","ping_status":"closed","template":"","meta":{"footnotes":""},"_links":{"self":[{"href":"http:\/\/powstaniewielkopolskie.pl\/nowa\/index.php?rest_route=\/wp\/v2\/pages\/35"}],"collection":[{"href":"http:\/\/powstaniewielkopolskie.pl\/nowa\/index.php?rest_route=\/wp\/v2\/pages"}],"about":[{"href":"http:\/\/powstaniewielkopolskie.pl\/nowa\/index.php?rest_route=\/wp\/v2\/types\/page"}],"author":[{"embeddable":true,"href":"http:\/\/powstaniewielkopolskie.pl\/nowa\/index.php?rest_route=\/wp\/v2\/users\/1"}],"replies":[{"embeddable":true,"href":"http:\/\/powstaniewielkopolskie.pl\/nowa\/index.php?rest_route=%2Fwp%2Fv2%2Fcomments&post=35"}],"version-history":[{"count":10,"href":"http:\/\/powstaniewielkopolskie.pl\/nowa\/index.php?rest_route=\/wp\/v2\/pages\/35\/revisions"}],"predecessor-version":[{"id":9270,"href":"http:\/\/powstaniewielkopolskie.pl\/nowa\/index.php?rest_route=\/wp\/v2\/pages\/35\/revisions\/9270"}],"up":[{"embeddable":true,"href":"http:\/\/powstaniewielkopolskie.pl\/nowa\/index.php?rest_route=\/wp\/v2\/pages\/27"}],"wp:attachment":[{"href":"http:\/\/powstaniewielkopolskie.pl\/nowa\/index.php?rest_route=%2Fwp%2Fv2%2Fmedia&parent=35"}],"curies":[{"name":"wp","href":"https:\/\/api.w.org\/{rel}","templated":true}]}}