{"id":27,"date":"2016-08-02T21:57:04","date_gmt":"2016-08-02T19:57:04","guid":{"rendered":"http:\/\/powstaniewielkopolskie.pl\/nowa\/?page_id=27"},"modified":"2017-03-16T21:41:06","modified_gmt":"2017-03-16T20:41:06","slug":"o-nas","status":"publish","type":"page","link":"http:\/\/powstaniewielkopolskie.pl\/nowa\/?page_id=27","title":{"rendered":"O nas"},"content":{"rendered":"<p align=\"justify\"><b>Towarzystwo Pami\u0119ci Powstania Wielkopolskiego 1918\/1919<\/b> powsta\u0142o 30 stycznia 1989 roku, w odpowiedzi na potrzeby spo\u0142eczne i oczekiwania \u017cyj\u0105cych w\u00f3wczas powsta\u0144c\u00f3w wielkopolskich.<\/p>\n<p align=\"justify\">Najwa\u017cniejszy cele wpisany w Statut Towarzystwa to:<\/p>\n<ul>\n<li>\n<p align=\"justify\">krzewienie wiedzy i kultywowanie pami\u0119ci o zwyci\u0119skim Powstaniu Wielkopolskim w wyniku kt\u00f3rego do Macierzy powr\u00f3ci\u0142y ziemie stanowi\u0105ce kolebk\u0119 pa\u0144stwa polskiego<\/p>\n<\/li>\n<li>\n<p align=\"justify\">popularyzowanie w\u015br\u00f3d m\u0142odego pokolenia Polak\u00f3w warto\u015bci, kt\u00f3re przy\u015bwieca\u0142y bohaterskim czynom i \u017cyciu powsta\u0144c\u00f3w.<\/p>\n<p><img loading=\"lazy\" decoding=\"async\" class=\"alignright wp-image-28\" src=\"http:\/\/powstaniewielkopolskie.pl\/nowa\/wp-content\/uploads\/2016\/08\/pomnik-225x300.jpg\" alt=\"pomnik\" width=\"330\" height=\"441\" srcset=\"http:\/\/powstaniewielkopolskie.pl\/nowa\/wp-content\/uploads\/2016\/08\/pomnik-225x300.jpg 225w, http:\/\/powstaniewielkopolskie.pl\/nowa\/wp-content\/uploads\/2016\/08\/pomnik.jpg 674w\" sizes=\"(max-width: 330px) 100vw, 330px\" \/><\/li>\n<\/ul>\n<p align=\"justify\"><strong>Cele te s\u0105 realizowane mi\u0119dzy innymi poprzez:<\/strong><\/p>\n<ul>\n<li>\n<p align=\"justify\">organizowanie odczyt\u00f3w i prelekcji upowszechniaj\u0105cych dzieje powstania i sylwetki jego uczestnik\u00f3w, zw\u0142aszcza w szko\u0142ach oraz w Muzeum Powstania Wielkopolskiego, a tak\u017ce w muzeach okr\u0119gowych, regionalnych,<\/p>\n<\/li>\n<li>\n<p align=\"justify\">inspirowanie dzia\u0142alno\u015bci badawczej i wydawniczej (Towarzystwo jest wydawc\u0105 kilku ksi\u0105\u017cek i rocznika o\u015bwiatowo-historycznego \u201eWielkopolski Powstaniec\u201d; wsp\u00f3\u0142dzia\u0142a w tym zakresie r\u00f3wnie\u017c z mass mediami),<\/p>\n<\/li>\n<li>\n<p align=\"justify\">organizowanie konkurs\u00f3w, wystaw i innych imprez po\u015bwieconych Powstaniu Wielkopolskiemu,<\/p>\n<\/li>\n<li>\n<p align=\"justify\">wsp\u00f3\u0142prac\u0119 z organami w\u0142adzy pa\u0144stwowej i samorz\u0105dowej w organizowaniu uroczysto\u015bci rocznicowych, w sprawowaniu opieki nad weteranami Powstania Wielkopolskiego i miejscami pami\u0119ci Powstania Wielkopolskiego,<\/p>\n<\/li>\n<li>\n<p align=\"justify\">wspieranie wychowawczej dzia\u0142alno\u015bci szk\u00f3\u0142 i jednostek harcerskich oraz innych instytucji nosz\u0105cych imiona bohater\u00f3w Powstania Wielkopolskiego,<\/p>\n<\/li>\n<li>\n<p align=\"justify\">dokumentowanie historii Powstania Wielkopolskiego (pozyskiwanie dokument\u00f3w, fotografii i pami\u0105tek zwi\u0105zanych z powstaniem), we wsp\u00f3\u0142pracy w tym zakresie z muzeami, instytucjami nauki i kultury.<\/p>\n<\/li>\n<\/ul>\n<p align=\"justify\">Towarzystwo Pami\u0119ci Powstania Wielkopolskiego 1918\/1919 powsta\u0142o 30 stycznia 1989 roku z inicjatywy grupy cz\u0142onk\u00f3w Komitetu Organizacyjnego Obchod\u00f3w 70 Rocznicy Powstania Wielkopolskiego. Idea utworzenia Towarzystwa wynika\u0142a z potrzeby spo\u0142ecznej i oczekiwa\u0144 powsta\u0144c\u00f3w. W\u00f3wczas \u017cy\u0142o ich w kraju ok. 200, dzisiaj w\u015br\u00f3d nas nie ma ju\u017c \u017cadnego.<\/p>\n<p>W roku 1989 dzia\u0142a\u0142a jeszcze Krajowa Komisja Weteran\u00f3w Powstania Wielkopolskiego, jednak wiek i kondycja zdrowotna uczestnik\u00f3w Powstania uniemo\u017cliwia\u0142y podejmowanie aktywnej dzia\u0142alno\u015bci. St\u0105d tradycje kultywowania dorobku Powstania Wielkopolskiego przej\u0119\u0142o Towarzystwo Pami\u0119ci Powstania Wielkopolskiego 1918\/1919. S\u0105 one odleg\u0142e w czasie i przedstawiaj\u0105 si\u0119 nast\u0119puj\u0105co:<\/p>\n<p><strong>1921-1922<\/strong> Towarzystwo Powsta\u0144c\u00f3w Wielkopolskich<br \/>\n<strong>1922-1927<\/strong> Zwi\u0105zek Towarzystw Powsta\u0144c\u00f3w i Wojak\u00f3w Ziem zachodnich RP<br \/>\n<strong>1922<\/strong>\u00a0 \u00a0 \u00a0 \u00a0 \u00a0 Zwi\u0105zek Towarzystw Uczestnik\u00f3w Powstania Wielkopolskiego 1918\/1919<br \/>\n<strong>1927\u00a0<\/strong> \u00a0 \u00a0 \u00a0 \u00a0 Og\u00f3lnokrajowy Zwi\u0105zek b. Uczestnik\u00f3w Powsta\u0144 Narodowych RP<br \/>\n<strong>1932<\/strong>\u00a0 \u00a0 \u00a0 \u00a0 \u00a0 Zwi\u0105zek Weteran\u00f3w Powsta\u0144 Narodowych RP 1914\/1919<br \/>\n<strong>1938-1949<\/strong> Zwi\u0105zek Powsta\u0144c\u00f3w Wielkopolskich<br \/>\n<strong>1949-1980<\/strong> Krajowa Komisja Weteran\u00f3w Powstania Wielkopolskiego z siedzib\u0105 przy<br \/>\nZarz\u0105dzie Okr\u0119gu ZBOWiD w Poznaniu.<\/p>\n<p>W 1989 roku 25-osobowa grupa inicjatywna przyj\u0119\u0142a za\u0142o\u017cenia programowe i organizacyjne oraz Statut nowej organizacji. 30 stycznia 1989 roku Wydzia\u0142 Spo\u0142eczno- Administracyjny Urz\u0119du Wojew\u00f3dzkiego wpisa\u0142 do Rejestru Stowarzysze\u0144 i Zwi\u0105zk\u00f3w pod nr 155 stowarzyszenie pod nazw\u0105 &#8222;Towarzystwo Pami\u0119ci Powstania Wielkopolskiego 1918\/1919&#8221;.<\/p>\n<p>Na pierwszym zebraniu organizacyjnym 14 lutego 1998 roku wybrano Prezydium Zarz\u0105du G\u0142\u00f3wnego Towarzystwa w sk\u0142adzie: Anatol Gawrych-Lauda\u0144ski- prezes, wiceprezesi: Stefan Bar\u0142\u00f3g, Marian Jakubowicz, Stanis\u0142aw Smoczy\u0144ski, Zofia Czuba\u0142a-sekretarz, Helena Kruczek- skarbnik, Tadeusz Bartkowiak, W\u0142odzimierz Warchalewski i Rudolf \u017burek- cz\u0142onkowie.<\/p>\n<p align=\"justify\">Najwy\u017csz\u0105 w\u0142adz\u0105 Towarzystwa Pami\u0119ci Powstania Wielkopolskiego 1918\/19 jest Krajowy Zjazd Delegat\u00f3w. Dotychczas odby\u0142y si\u0119 cztery Zjazdy, w tym jeden Nadzwyczajny.<\/p>\n<p align=\"justify\">Na bie\u017c\u0105co pracami Towarzystwa kieruje Zarz\u0105d G\u0142\u00f3wny i wybrane z jego sk\u0142adu Prezydium.<br \/>\nW ramach Towarzystwa dzia\u0142aj\u0105 Zarz\u0105du Oddzia\u0142\u00f3w: wielkopolskiego, Kujawsko-pomorskiego i Lubuskiego \u2013 skupiaj\u0105ce ko\u0142a dzia\u0142aj\u0105ce na terenie ww. wojew\u00f3dztw, a tak\u017ce samodzielne ko\u0142a w Warszawie, Szczecinie i Legnicy.<br \/>\nOg\u00f3\u0142em do Towarzystwa nale\u017cy ponad 2500 cz\u0142onk\u00f3w skupionych w 84 ko\u0142ach.<\/p>\n<p align=\"justify\"><b>Towarzystwa Pami\u0119ci Powstania Wielkopolskiego 1918\/1919<\/b> od 2004 roku posiada status organizacji po\u017cytku publicznego.<\/p>\n<div data-animation=\"pulse\" data-icons-animation=\"no-animation\" data-overlay=\"on\" data-change-size=\"\" data-button-size=\"0.7\" style=\"font-size:0.7em;display:none;\" class=\"supsystic-social-sharing supsystic-social-sharing-package-flat supsystic-social-sharing-hide-on-homepage supsystic-social-sharing-content supsystic-social-sharing-content-align-center\" data-text=\"\"><a class=\"social-sharing-button sharer-flat sharer-flat-2 counter-standard digg\" target=\"_blank\" title=\"Digg\" href=\"http:\/\/digg.com\/submit?url=http%3A%2F%2Fpowstaniewielkopolskie.pl%2Fnowa%2F%3Fpage_id%3D27&title=O+nas\" data-nid=\"8\" data-name=\"\" data-pid=\"1\" data-post-id=\"27\" data-url=\"http:\/\/powstaniewielkopolskie.pl\/nowa\/wp-admin\/admin-ajax.php\" data-url=\"http:\/\/powstaniewielkopolskie.pl\/nowa\/wp-admin\/admin-ajax.php\" data-description=\"O nas\" rel=\"nofollow\"><i class=\"fa fa-fw fa-digg\"><\/i><div class=\"counter-wrap standard\"><span class=\"counter\">2<\/span><\/div><\/a><a class=\"social-sharing-button sharer-flat sharer-flat-2 counter-standard mail\" target=\"_blank\" title=\"Mail\" href=\"#\" data-nid=\"16\" data-name=\"\" data-pid=\"1\" data-post-id=\"27\" data-url=\"http:\/\/powstaniewielkopolskie.pl\/nowa\/wp-admin\/admin-ajax.php\" data-url=\"http:\/\/powstaniewielkopolskie.pl\/nowa\/wp-admin\/admin-ajax.php\" data-description=\"O nas\" rel=\"nofollow\"><i class=\"fa fa-fw fa-envelope-o\"><\/i><div class=\"counter-wrap standard\"><span class=\"counter\">7<\/span><\/div><\/a><a class=\"social-sharing-button sharer-flat sharer-flat-2 counter-standard facebook\" target=\"_blank\" title=\"Facebook\" href=\"http:\/\/www.facebook.com\/sharer.php?u=http%3A%2F%2Fpowstaniewielkopolskie.pl%2Fnowa%2F%3Fpage_id%3D27\" data-nid=\"1\" data-name=\"\" data-pid=\"1\" data-post-id=\"27\" data-url=\"http:\/\/powstaniewielkopolskie.pl\/nowa\/wp-admin\/admin-ajax.php\" data-url=\"http:\/\/powstaniewielkopolskie.pl\/nowa\/wp-admin\/admin-ajax.php\" data-description=\"O nas\" rel=\"nofollow\"><i class=\"fa fa-fw fa-facebook\"><\/i><div class=\"counter-wrap standard\"><span class=\"counter\">11<\/span><\/div><\/a><a class=\"social-sharing-button sharer-flat sharer-flat-2 counter-standard whatsapp\" target=\"_blank\" title=\"WhatsApp\" href=\"whatsapp:\/\/send?text=http%3A%2F%2Fpowstaniewielkopolskie.pl%2Fnowa%2F%3Fpage_id%3D27\" data-nid=\"18\" data-name=\"\" data-pid=\"1\" data-post-id=\"27\" data-url=\"http:\/\/powstaniewielkopolskie.pl\/nowa\/wp-admin\/admin-ajax.php\" data-url=\"http:\/\/powstaniewielkopolskie.pl\/nowa\/wp-admin\/admin-ajax.php\" data-description=\"O nas\" rel=\"nofollow\"><i class=\"fa fa-fw fa-whatsapp\"><\/i><div class=\"counter-wrap standard\"><span class=\"counter\">1<\/span><\/div><\/a><a class=\"social-sharing-button sharer-flat sharer-flat-2 counter-standard twitter\" target=\"_blank\" title=\"Twitter\" href=\"https:\/\/twitter.com\/share?url=http%3A%2F%2Fpowstaniewielkopolskie.pl%2Fnowa%2F%3Fpage_id%3D27&text=O+nas\" data-nid=\"2\" data-name=\"\" data-pid=\"1\" data-post-id=\"27\" data-url=\"http:\/\/powstaniewielkopolskie.pl\/nowa\/wp-admin\/admin-ajax.php\" data-url=\"http:\/\/powstaniewielkopolskie.pl\/nowa\/wp-admin\/admin-ajax.php\" data-description=\"O nas\" rel=\"nofollow\"><i class=\"fa fa-fw fa-twitter\"><\/i><div class=\"counter-wrap standard\"><span class=\"counter\">0<\/span><\/div><\/a><a class=\"social-sharing-button sharer-flat sharer-flat-2 counter-standard googleplus\" target=\"_blank\" title=\"Google+\" href=\"https:\/\/plus.google.com\/share?url=http%3A%2F%2Fpowstaniewielkopolskie.pl%2Fnowa%2F%3Fpage_id%3D27\" data-nid=\"3\" data-name=\"\" data-pid=\"1\" data-post-id=\"27\" data-url=\"http:\/\/powstaniewielkopolskie.pl\/nowa\/wp-admin\/admin-ajax.php\" data-url=\"http:\/\/powstaniewielkopolskie.pl\/nowa\/wp-admin\/admin-ajax.php\" data-description=\"O nas\" rel=\"nofollow\"><i class=\"fa fa-fw fa-google-plus\"><\/i><div class=\"counter-wrap standard\"><span class=\"counter\">2<\/span><\/div><\/a><\/div>","protected":false},"excerpt":{"rendered":"<p>Towarzystwo Pami\u0119ci Powstania Wielkopolskiego 1918\/1919 powsta\u0142o 30 stycznia 1989 roku, w odpowiedzi na potrzeby spo\u0142eczne i oczekiwania \u017cyj\u0105cych w\u00f3wczas powsta\u0144c\u00f3w wielkopolskich. Najwa\u017cniejszy cele wpisany w Statut Towarzystwa to: krzewienie wiedzy i kultywowanie<a class=\"moretag\" href=\"http:\/\/powstaniewielkopolskie.pl\/nowa\/?page_id=27\">Czytaj wi\u0119cej&#8230;<\/a><\/p>\n<div data-animation=\"pulse\" data-icons-animation=\"no-animation\" data-overlay=\"on\" data-change-size=\"\" data-button-size=\"0.7\" style=\"font-size:0.7em;display:none;\" class=\"supsystic-social-sharing supsystic-social-sharing-package-flat supsystic-social-sharing-hide-on-homepage supsystic-social-sharing-content supsystic-social-sharing-content-align-center\" data-text=\"\"><a class=\"social-sharing-button sharer-flat sharer-flat-2 counter-standard digg\" target=\"_blank\" title=\"Digg\" href=\"http:\/\/digg.com\/submit?url=http%3A%2F%2Fpowstaniewielkopolskie.pl%2Fnowa%2F%3Fpage_id%3D27&title=O+nas\" data-nid=\"8\" data-name=\"\" data-pid=\"1\" data-post-id=\"27\" data-url=\"http:\/\/powstaniewielkopolskie.pl\/nowa\/wp-admin\/admin-ajax.php\" data-url=\"http:\/\/powstaniewielkopolskie.pl\/nowa\/wp-admin\/admin-ajax.php\" data-description=\"O nas\" rel=\"nofollow\"><i class=\"fa fa-fw fa-digg\"><\/i><div class=\"counter-wrap standard\"><span class=\"counter\">2<\/span><\/div><\/a><a class=\"social-sharing-button sharer-flat sharer-flat-2 counter-standard mail\" target=\"_blank\" title=\"Mail\" href=\"#\" data-nid=\"16\" data-name=\"\" data-pid=\"1\" data-post-id=\"27\" data-url=\"http:\/\/powstaniewielkopolskie.pl\/nowa\/wp-admin\/admin-ajax.php\" data-url=\"http:\/\/powstaniewielkopolskie.pl\/nowa\/wp-admin\/admin-ajax.php\" data-description=\"O nas\" rel=\"nofollow\"><i class=\"fa fa-fw fa-envelope-o\"><\/i><div class=\"counter-wrap standard\"><span class=\"counter\">7<\/span><\/div><\/a><a class=\"social-sharing-button sharer-flat sharer-flat-2 counter-standard facebook\" target=\"_blank\" title=\"Facebook\" href=\"http:\/\/www.facebook.com\/sharer.php?u=http%3A%2F%2Fpowstaniewielkopolskie.pl%2Fnowa%2F%3Fpage_id%3D27\" data-nid=\"1\" data-name=\"\" data-pid=\"1\" data-post-id=\"27\" data-url=\"http:\/\/powstaniewielkopolskie.pl\/nowa\/wp-admin\/admin-ajax.php\" data-url=\"http:\/\/powstaniewielkopolskie.pl\/nowa\/wp-admin\/admin-ajax.php\" data-description=\"O nas\" rel=\"nofollow\"><i class=\"fa fa-fw fa-facebook\"><\/i><div class=\"counter-wrap standard\"><span class=\"counter\">11<\/span><\/div><\/a><a class=\"social-sharing-button sharer-flat sharer-flat-2 counter-standard whatsapp\" target=\"_blank\" title=\"WhatsApp\" href=\"whatsapp:\/\/send?text=http%3A%2F%2Fpowstaniewielkopolskie.pl%2Fnowa%2F%3Fpage_id%3D27\" data-nid=\"18\" data-name=\"\" data-pid=\"1\" data-post-id=\"27\" data-url=\"http:\/\/powstaniewielkopolskie.pl\/nowa\/wp-admin\/admin-ajax.php\" data-url=\"http:\/\/powstaniewielkopolskie.pl\/nowa\/wp-admin\/admin-ajax.php\" data-description=\"O nas\" rel=\"nofollow\"><i class=\"fa fa-fw fa-whatsapp\"><\/i><div class=\"counter-wrap standard\"><span class=\"counter\">1<\/span><\/div><\/a><a class=\"social-sharing-button sharer-flat sharer-flat-2 counter-standard twitter\" target=\"_blank\" title=\"Twitter\" href=\"https:\/\/twitter.com\/share?url=http%3A%2F%2Fpowstaniewielkopolskie.pl%2Fnowa%2F%3Fpage_id%3D27&text=O+nas\" data-nid=\"2\" data-name=\"\" data-pid=\"1\" data-post-id=\"27\" data-url=\"http:\/\/powstaniewielkopolskie.pl\/nowa\/wp-admin\/admin-ajax.php\" data-url=\"http:\/\/powstaniewielkopolskie.pl\/nowa\/wp-admin\/admin-ajax.php\" data-description=\"O nas\" rel=\"nofollow\"><i class=\"fa fa-fw fa-twitter\"><\/i><div class=\"counter-wrap standard\"><span class=\"counter\">0<\/span><\/div><\/a><a class=\"social-sharing-button sharer-flat sharer-flat-2 counter-standard googleplus\" target=\"_blank\" title=\"Google+\" href=\"https:\/\/plus.google.com\/share?url=http%3A%2F%2Fpowstaniewielkopolskie.pl%2Fnowa%2F%3Fpage_id%3D27\" data-nid=\"3\" data-name=\"\" data-pid=\"1\" data-post-id=\"27\" data-url=\"http:\/\/powstaniewielkopolskie.pl\/nowa\/wp-admin\/admin-ajax.php\" data-url=\"http:\/\/powstaniewielkopolskie.pl\/nowa\/wp-admin\/admin-ajax.php\" data-description=\"O nas\" rel=\"nofollow\"><i class=\"fa fa-fw fa-google-plus\"><\/i><div class=\"counter-wrap standard\"><span class=\"counter\">2<\/span><\/div><\/a><\/div>","protected":false},"author":1,"featured_media":0,"parent":0,"menu_order":2,"comment_status":"closed","ping_status":"closed","template":"","meta":{"footnotes":""},"_links":{"self":[{"href":"http:\/\/powstaniewielkopolskie.pl\/nowa\/index.php?rest_route=\/wp\/v2\/pages\/27"}],"collection":[{"href":"http:\/\/powstaniewielkopolskie.pl\/nowa\/index.php?rest_route=\/wp\/v2\/pages"}],"about":[{"href":"http:\/\/powstaniewielkopolskie.pl\/nowa\/index.php?rest_route=\/wp\/v2\/types\/page"}],"author":[{"embeddable":true,"href":"http:\/\/powstaniewielkopolskie.pl\/nowa\/index.php?rest_route=\/wp\/v2\/users\/1"}],"replies":[{"embeddable":true,"href":"http:\/\/powstaniewielkopolskie.pl\/nowa\/index.php?rest_route=%2Fwp%2Fv2%2Fcomments&post=27"}],"version-history":[{"count":3,"href":"http:\/\/powstaniewielkopolskie.pl\/nowa\/index.php?rest_route=\/wp\/v2\/pages\/27\/revisions"}],"predecessor-version":[{"id":32,"href":"http:\/\/powstaniewielkopolskie.pl\/nowa\/index.php?rest_route=\/wp\/v2\/pages\/27\/revisions\/32"}],"wp:attachment":[{"href":"http:\/\/powstaniewielkopolskie.pl\/nowa\/index.php?rest_route=%2Fwp%2Fv2%2Fmedia&parent=27"}],"curies":[{"name":"wp","href":"https:\/\/api.w.org\/{rel}","templated":true}]}}